{"id":542,"date":"2018-11-21T23:22:52","date_gmt":"2018-11-21T23:22:52","guid":{"rendered":"http:\/\/les-etangs-petite-plaine-isle-adam.full-e-commerce.com\/?page_id=542"},"modified":"2026-02-08T17:44:39","modified_gmt":"2026-02-08T17:44:39","slug":"trombinoscope","status":"publish","type":"page","link":"https:\/\/etang-apepp-isle-adam.fr\/?page_id=542","title":{"rendered":"Trombinoscope"},"content":{"rendered":"<p>[et_pb_section fb_built=\u00a0\u00bb1&Prime; _builder_version=\u00a0\u00bb4.16&Prime; background_color=\u00a0\u00bb#AADB24&Prime; global_colors_info=\u00a0\u00bb{}\u00a0\u00bb][et_pb_row _builder_version=\u00a0\u00bb4.16&Prime; background_color=\u00a0\u00bb#AADB24&Prime; background_size=\u00a0\u00bbinitial\u00a0\u00bb background_position=\u00a0\u00bbtop_left\u00a0\u00bb background_repeat=\u00a0\u00bbrepeat\u00a0\u00bb global_colors_info=\u00a0\u00bb{}\u00a0\u00bb][et_pb_column type=\u00a0\u00bb4_4&Prime; _builder_version=\u00a0\u00bb4.16&Prime; custom_padding=\u00a0\u00bb|||\u00a0\u00bb global_colors_info=\u00a0\u00bb{}\u00a0\u00bb custom_padding__hover=\u00a0\u00bb|||\u00a0\u00bb][et_pb_text _builder_version=\u00a0\u00bb4.27.4&Prime; background_color=\u00a0\u00bb#AADB24&Prime; background_size=\u00a0\u00bbinitial\u00a0\u00bb background_position=\u00a0\u00bbtop_left\u00a0\u00bb background_repeat=\u00a0\u00bbrepeat\u00a0\u00bb custom_margin=\u00a0\u00bb||0px|||\u00a0\u00bb custom_padding=\u00a0\u00bb|17px||||\u00a0\u00bb link_option_url=\u00a0\u00bbhttps:\/\/etang-apepp-isle-adam.fr\/wp-content\/uploads\/2021\/04\/20210421-APEPP-Trombinoscope.jpg\u00a0\u00bb hover_enabled=\u00a0\u00bb0&Prime; global_colors_info=\u00a0\u00bb{}\u00a0\u00bb sticky_enabled=\u00a0\u00bb0&Prime;]<\/p>\n<p>Les membres du bureau sont tous des b\u00e9n\u00e9voles. Ils sont \u00e9lus par les membres de l&rsquo;association lors des assembl\u00e9es g\u00e9n\u00e9rales. Chacun a une fonction particuli\u00e8re.<\/p>\n<p>Cinq garde-p\u00eache priv\u00e9s sont asserment\u00e9s et effectuent des contr\u00f4les r\u00e9guliers. Les membres du bureau sont \u00e9galement habilit\u00e9s \u00e0 effectuer des contr\u00f4les.<\/p>\n<p><a href=\"https:\/\/etang-apepp-isle-adam.fr\/wp-content\/uploads\/2026\/02\/20260208-Trombinoscope-APEPP-2026.png\" target=\"_blank\" rel=\"noopener\">Cliquez ici pour visualiser le trombinoscope 2026<\/a><\/p>\n<p>[\/et_pb_text][et_pb_text _builder_version=\u00a0\u00bb4.27.4&Prime; background_color=\u00a0\u00bb#AADB24&Prime; background_size=\u00a0\u00bbinitial\u00a0\u00bb background_position=\u00a0\u00bbtop_left\u00a0\u00bb background_repeat=\u00a0\u00bbrepeat\u00a0\u00bb custom_margin=\u00a0\u00bb||0px|||\u00a0\u00bb custom_padding=\u00a0\u00bb|17px||||\u00a0\u00bb link_option_url=\u00a0\u00bbhttps:\/\/etang-apepp-isle-adam.fr\/wp-content\/uploads\/2021\/04\/20210421-APEPP-Trombinoscope.jpg\u00a0\u00bb hover_enabled=\u00a0\u00bb0&Prime; global_colors_info=\u00a0\u00bb{}\u00a0\u00bb sticky_enabled=\u00a0\u00bb0&Prime;]<\/p>\n<p>Les membres du bureau sont tous des b\u00e9n\u00e9voles. Ils sont \u00e9lus par les membres de l&rsquo;association lors des assembl\u00e9es g\u00e9n\u00e9rales. Chacun a une fonction particuli\u00e8re.<\/p>\n<p>Quatre garde-p\u00eache priv\u00e9s sont asserment\u00e9s et effectuent des contr\u00f4les r\u00e9guliers. Les membres du bureau sont \u00e9galement habilit\u00e9s \u00e0 effectuer des contr\u00f4les.<\/p>\n<p><a href=\"https:\/\/etang-apepp-isle-adam.fr\/wp-content\/uploads\/2026\/02\/20260208-Trombinoscope-APEPP-2026.png\" target=\"_blank\" rel=\"noopener\">Cliquez ici pour visualiser le trombinoscope 2026<\/a><\/p>\n<p>[\/et_pb_text][et_pb_image src=\u00a0\u00bbhttps:\/\/etang-apepp-isle-adam.fr\/wp-content\/uploads\/2026\/02\/20260208-Trombinoscope-APEPP-2026.png\u00a0\u00bb alt=\u00a0\u00bbAPEPP\u00a0\u00bb title_text=\u00a0\u00bb20260208 &#8211; Trombinoscope APEPP 2026&Prime; url=\u00a0\u00bbhttps:\/\/etang-apepp-isle-adam.fr\/wp-content\/uploads\/2024\/02\/20240201-Trombinoscope-APEPP-2024.jpg\u00a0\u00bb url_new_window=\u00a0\u00bbon\u00a0\u00bb _builder_version=\u00a0\u00bb4.27.4&Prime; _module_preset=\u00a0\u00bbdefault\u00a0\u00bb background_color=\u00a0\u00bb#AADB24&Prime; custom_padding=\u00a0\u00bb0px|||||\u00a0\u00bb global_colors_info=\u00a0\u00bb{}\u00a0\u00bb][\/et_pb_image][\/et_pb_column][\/et_pb_row][\/et_pb_section]<\/p>\n","protected":false},"excerpt":{"rendered":"<p>Les membres du bureau sont tous des b\u00e9n\u00e9voles. Ils sont \u00e9lus par les membres de l&rsquo;association lors des assembl\u00e9es g\u00e9n\u00e9rales. Chacun a une fonction particuli\u00e8re. Cinq garde-p\u00eache priv\u00e9s sont asserment\u00e9s et effectuent des contr\u00f4les r\u00e9guliers. Les membres du bureau sont \u00e9galement habilit\u00e9s \u00e0 effectuer des contr\u00f4les. Cliquez ici pour visualiser le trombinoscope 2026Les membres du [&hellip;]<\/p>\n","protected":false},"author":1,"featured_media":0,"parent":534,"menu_order":0,"comment_status":"closed","ping_status":"closed","template":"","meta":{"_et_pb_use_builder":"on","_et_pb_old_content":"<span style=\"font-size: inherit;\">Les membres du bureau sont tous des b\u00e9n\u00e9voles. Ils sont \u00e9lus par les membres de l'association lors des assembl\u00e9es g\u00e9n\u00e9rales. Chacun a une fonction particuli\u00e8re. Trois garde-p\u00eache priv\u00e9s sont asserment\u00e9s et effectue des contr\u00f4les r\u00e9guliers.\u00a0<\/span>\n<div class=\"main-content\">\n<div class=\"blockContent\">\n\n<a href=\"http:\/\/etang-apepp-isle-adam.fr\/wp-content\/uploads\/2021\/03\/20210313-Trombinoscope-APEPP.jpg\">Cliquez ici pour visualiser le trombinoscope.<\/a>\n\n<\/div>\n<\/div>","_et_gb_content_width":"","footnotes":""},"class_list":["post-542","page","type-page","status-publish","hentry"],"yoast_head":"<!-- This site is optimized with the Yoast SEO plugin v27.3 - https:\/\/yoast.com\/product\/yoast-seo-wordpress\/ -->\n<title>Trombinoscope - APEPP<\/title>\n<meta name=\"robots\" content=\"index, follow, max-snippet:-1, max-image-preview:large, max-video-preview:-1\" \/>\n<link rel=\"canonical\" href=\"https:\/\/etang-apepp-isle-adam.fr\/?page_id=542\" \/>\n<meta property=\"og:locale\" content=\"fr_FR\" \/>\n<meta property=\"og:type\" content=\"article\" \/>\n<meta property=\"og:title\" content=\"Trombinoscope - APEPP\" \/>\n<meta property=\"og:description\" content=\"Les membres du bureau sont tous des b\u00e9n\u00e9voles. Ils sont \u00e9lus par les membres de l&#039;association lors des assembl\u00e9es g\u00e9n\u00e9rales. Chacun a une fonction particuli\u00e8re. Cinq garde-p\u00eache priv\u00e9s sont asserment\u00e9s et effectuent des contr\u00f4les r\u00e9guliers. Les membres du bureau sont \u00e9galement habilit\u00e9s \u00e0 effectuer des contr\u00f4les. Cliquez ici pour visualiser le trombinoscope 2026Les membres du [&hellip;]\" \/>\n<meta property=\"og:url\" content=\"https:\/\/etang-apepp-isle-adam.fr\/?page_id=542\" \/>\n<meta property=\"og:site_name\" content=\"APEPP\" \/>\n<meta property=\"article:modified_time\" content=\"2026-02-08T17:44:39+00:00\" \/>\n<meta name=\"twitter:card\" content=\"summary_large_image\" \/>\n<meta name=\"twitter:label1\" content=\"Dur\u00e9e de lecture estim\u00e9e\" \/>\n\t<meta name=\"twitter:data1\" content=\"2 minutes\" \/>\n<script type=\"application\/ld+json\" class=\"yoast-schema-graph\">{\"@context\":\"https:\\\/\\\/schema.org\",\"@graph\":[{\"@type\":\"WebPage\",\"@id\":\"https:\\\/\\\/etang-apepp-isle-adam.fr\\\/?page_id=542\",\"url\":\"https:\\\/\\\/etang-apepp-isle-adam.fr\\\/?page_id=542\",\"name\":\"Trombinoscope - APEPP\",\"isPartOf\":{\"@id\":\"https:\\\/\\\/etang-apepp-isle-adam.fr\\\/#website\"},\"datePublished\":\"2018-11-21T23:22:52+00:00\",\"dateModified\":\"2026-02-08T17:44:39+00:00\",\"breadcrumb\":{\"@id\":\"https:\\\/\\\/etang-apepp-isle-adam.fr\\\/?page_id=542#breadcrumb\"},\"inLanguage\":\"fr-FR\",\"potentialAction\":[{\"@type\":\"ReadAction\",\"target\":[\"https:\\\/\\\/etang-apepp-isle-adam.fr\\\/?page_id=542\"]}]},{\"@type\":\"BreadcrumbList\",\"@id\":\"https:\\\/\\\/etang-apepp-isle-adam.fr\\\/?page_id=542#breadcrumb\",\"itemListElement\":[{\"@type\":\"ListItem\",\"position\":1,\"name\":\"Accueil\",\"item\":\"https:\\\/\\\/etang-apepp-isle-adam.fr\\\/\"},{\"@type\":\"ListItem\",\"position\":2,\"name\":\"L&rsquo;association\",\"item\":\"https:\\\/\\\/etang-apepp-isle-adam.fr\\\/?page_id=534\"},{\"@type\":\"ListItem\",\"position\":3,\"name\":\"Trombinoscope\"}]},{\"@type\":\"WebSite\",\"@id\":\"https:\\\/\\\/etang-apepp-isle-adam.fr\\\/#website\",\"url\":\"https:\\\/\\\/etang-apepp-isle-adam.fr\\\/\",\"name\":\"APEPP\",\"description\":\"Tranquillit\u00e9 et convivialit\u00e9\",\"potentialAction\":[{\"@type\":\"SearchAction\",\"target\":{\"@type\":\"EntryPoint\",\"urlTemplate\":\"https:\\\/\\\/etang-apepp-isle-adam.fr\\\/?s={search_term_string}\"},\"query-input\":{\"@type\":\"PropertyValueSpecification\",\"valueRequired\":true,\"valueName\":\"search_term_string\"}}],\"inLanguage\":\"fr-FR\"}]}<\/script>\n<!-- \/ Yoast SEO plugin. -->","yoast_head_json":{"title":"Trombinoscope - APEPP","robots":{"index":"index","follow":"follow","max-snippet":"max-snippet:-1","max-image-preview":"max-image-preview:large","max-video-preview":"max-video-preview:-1"},"canonical":"https:\/\/etang-apepp-isle-adam.fr\/?page_id=542","og_locale":"fr_FR","og_type":"article","og_title":"Trombinoscope - APEPP","og_description":"Les membres du bureau sont tous des b\u00e9n\u00e9voles. Ils sont \u00e9lus par les membres de l'association lors des assembl\u00e9es g\u00e9n\u00e9rales. Chacun a une fonction particuli\u00e8re. Cinq garde-p\u00eache priv\u00e9s sont asserment\u00e9s et effectuent des contr\u00f4les r\u00e9guliers. Les membres du bureau sont \u00e9galement habilit\u00e9s \u00e0 effectuer des contr\u00f4les. Cliquez ici pour visualiser le trombinoscope 2026Les membres du [&hellip;]","og_url":"https:\/\/etang-apepp-isle-adam.fr\/?page_id=542","og_site_name":"APEPP","article_modified_time":"2026-02-08T17:44:39+00:00","twitter_card":"summary_large_image","twitter_misc":{"Dur\u00e9e de lecture estim\u00e9e":"2 minutes"},"schema":{"@context":"https:\/\/schema.org","@graph":[{"@type":"WebPage","@id":"https:\/\/etang-apepp-isle-adam.fr\/?page_id=542","url":"https:\/\/etang-apepp-isle-adam.fr\/?page_id=542","name":"Trombinoscope - APEPP","isPartOf":{"@id":"https:\/\/etang-apepp-isle-adam.fr\/#website"},"datePublished":"2018-11-21T23:22:52+00:00","dateModified":"2026-02-08T17:44:39+00:00","breadcrumb":{"@id":"https:\/\/etang-apepp-isle-adam.fr\/?page_id=542#breadcrumb"},"inLanguage":"fr-FR","potentialAction":[{"@type":"ReadAction","target":["https:\/\/etang-apepp-isle-adam.fr\/?page_id=542"]}]},{"@type":"BreadcrumbList","@id":"https:\/\/etang-apepp-isle-adam.fr\/?page_id=542#breadcrumb","itemListElement":[{"@type":"ListItem","position":1,"name":"Accueil","item":"https:\/\/etang-apepp-isle-adam.fr\/"},{"@type":"ListItem","position":2,"name":"L&rsquo;association","item":"https:\/\/etang-apepp-isle-adam.fr\/?page_id=534"},{"@type":"ListItem","position":3,"name":"Trombinoscope"}]},{"@type":"WebSite","@id":"https:\/\/etang-apepp-isle-adam.fr\/#website","url":"https:\/\/etang-apepp-isle-adam.fr\/","name":"APEPP","description":"Tranquillit\u00e9 et convivialit\u00e9","potentialAction":[{"@type":"SearchAction","target":{"@type":"EntryPoint","urlTemplate":"https:\/\/etang-apepp-isle-adam.fr\/?s={search_term_string}"},"query-input":{"@type":"PropertyValueSpecification","valueRequired":true,"valueName":"search_term_string"}}],"inLanguage":"fr-FR"}]}},"_links":{"self":[{"href":"https:\/\/etang-apepp-isle-adam.fr\/index.php?rest_route=\/wp\/v2\/pages\/542","targetHints":{"allow":["GET"]}}],"collection":[{"href":"https:\/\/etang-apepp-isle-adam.fr\/index.php?rest_route=\/wp\/v2\/pages"}],"about":[{"href":"https:\/\/etang-apepp-isle-adam.fr\/index.php?rest_route=\/wp\/v2\/types\/page"}],"author":[{"embeddable":true,"href":"https:\/\/etang-apepp-isle-adam.fr\/index.php?rest_route=\/wp\/v2\/users\/1"}],"replies":[{"embeddable":true,"href":"https:\/\/etang-apepp-isle-adam.fr\/index.php?rest_route=%2Fwp%2Fv2%2Fcomments&post=542"}],"version-history":[{"count":13,"href":"https:\/\/etang-apepp-isle-adam.fr\/index.php?rest_route=\/wp\/v2\/pages\/542\/revisions"}],"predecessor-version":[{"id":3913,"href":"https:\/\/etang-apepp-isle-adam.fr\/index.php?rest_route=\/wp\/v2\/pages\/542\/revisions\/3913"}],"up":[{"embeddable":true,"href":"https:\/\/etang-apepp-isle-adam.fr\/index.php?rest_route=\/wp\/v2\/pages\/534"}],"wp:attachment":[{"href":"https:\/\/etang-apepp-isle-adam.fr\/index.php?rest_route=%2Fwp%2Fv2%2Fmedia&parent=542"}],"curies":[{"name":"wp","href":"https:\/\/api.w.org\/{rel}","templated":true}]}}