{"id":3457,"date":"2024-01-25T06:59:10","date_gmt":"2024-01-25T06:59:10","guid":{"rendered":"https:\/\/etang-apepp-isle-adam.fr\/?page_id=3457"},"modified":"2024-01-25T07:09:52","modified_gmt":"2024-01-25T07:09:52","slug":"section-initiation-peche-enfants","status":"publish","type":"page","link":"https:\/\/etang-apepp-isle-adam.fr\/?page_id=3457","title":{"rendered":"Section initiation p\u00eache enfants 2024"},"content":{"rendered":"<p>[et_pb_section fb_built=\u00a0\u00bb1&Prime; _builder_version=\u00a0\u00bb4.15.1&Prime; _module_preset=\u00a0\u00bbdefault\u00a0\u00bb global_colors_info=\u00a0\u00bb{}\u00a0\u00bb][et_pb_row _builder_version=\u00a0\u00bb4.15.1&Prime; _module_preset=\u00a0\u00bbdefault\u00a0\u00bb global_colors_info=\u00a0\u00bb{}\u00a0\u00bb][et_pb_column type=\u00a0\u00bb4_4&Prime; _builder_version=\u00a0\u00bb4.15.1&Prime; _module_preset=\u00a0\u00bbdefault\u00a0\u00bb global_colors_info=\u00a0\u00bb{}\u00a0\u00bb][et_pb_text _builder_version=\u00a0\u00bb4.15.1&Prime; _module_preset=\u00a0\u00bbdefault\u00a0\u00bb background_color=\u00a0\u00bb#FFFFFF\u00a0\u00bb custom_margin=\u00a0\u00bb||3px|||\u00a0\u00bb border_color_all=\u00a0\u00bb#FFFFFF\u00a0\u00bb global_colors_info=\u00a0\u00bb{}\u00a0\u00bb]<\/p>\n<p>La saison 2024 de la section initiation p\u00eache enfants commence d\u00e8s les premi\u00e8res inscriptions pendant le forum des associations. Chaque ann\u00e9e les demandes d&rsquo;inscriptions restent sup\u00e9rieures \u00e0 notre capacit\u00e9 d&rsquo;accueil. Il est conseill\u00e9 aux parents de prendre contact avec notre association (<a href=\"mailto:apepp95@gmailcom\">apepp95@gmail.com<\/a>) le plus t\u00f4t possible pour pr\u00e9inscrire les enfants. Le bureau de l&rsquo;association a renouvel\u00e9 l&rsquo;\u00e9quipe avec Michel, Pascal, Daniel, Alain et Marc qui encadreront 9 enfants en 2024. L&rsquo;adh\u00e9sion \u00e0 l&rsquo;\u00e9cole de p\u00eache est de deux sessions maximum. Les enfants qui ont particip\u00e9 \u00e0 deux sessions de p\u00eache ne peuvent pas venir une troisi\u00e8me fois \u00e0 l&rsquo;\u00e9cole de p\u00eache. Le forum a donc \u00e9t\u00e9 l&rsquo;occasion de compl\u00e9ter la liste des inscriptions et d\u00e9j\u00e0 des enfants sont en attente pour 2024.<\/p>\n<p>Les cours sont toujours le samedi apr\u00e8s-midi de 14h00 \u00e0 17h00. Un gouter est offert aux enfants en fin de s\u00e9ance. Les cours th\u00e9oriques se d\u00e9roulent en salle et les cours pratiques se font sur les berges de nos \u00e9tangs \u00e0 proximit\u00e9 de la cabane des p\u00eacheurs. L&rsquo;initiation de la p\u00eache aux carnassiers a \u00e9t\u00e9 un succ\u00e8s en 2023 gr\u00e2ce \u00e0 pascal et cette formule sera reconduite en 2024.<\/p>\n<p><img loading=\"lazy\" decoding=\"async\" src=\"https:\/\/etang-apepp-isle-adam.fr\/wp-content\/uploads\/2024\/01\/Forum-2024-300x225.jpg\" width=\"300\" height=\"225\" alt=\"\" class=\"wp-image-3464 alignnone size-medium\" \/> <img loading=\"lazy\" decoding=\"async\" src=\"https:\/\/etang-apepp-isle-adam.fr\/wp-content\/uploads\/2024\/01\/Stand-forum-2024-225x300.jpg\" width=\"225\" height=\"300\" alt=\"\" class=\"wp-image-3465 alignnone size-medium\" \/><\/p>\n<p>[\/et_pb_text][et_pb_text _builder_version=\u00a0\u00bb4.15.1&Prime; _module_preset=\u00a0\u00bbdefault\u00a0\u00bb background_color=\u00a0\u00bb#FFFFFF\u00a0\u00bb hover_enabled=\u00a0\u00bb0&Prime; border_color_all=\u00a0\u00bb#FFFFFF\u00a0\u00bb global_colors_info=\u00a0\u00bb{}\u00a0\u00bb sticky_enabled=\u00a0\u00bb0&Prime;]<\/p>\n<p>&nbsp;<\/p>\n<h3>Pr\u00e9sentation section initiation p\u00eache enfants<\/h3>\n<h4>SAMEDI 10 F\u00c9VRIER 2024<\/h4>\n<p>La section initiation p\u00eache enfants accueille les parents et les enfants samedi 10 f\u00e9vrier 2024 \u00e0 14h00 \u00e0 la Faisanderie \u00e0 L\u2019isle-Adam (face parking tennis).<\/p>\n<p>Ce sera l\u2019occasion de pr\u00e9senter l\u2019\u00e9quipe de la section initiation p\u00eache enfants avec Michel, Daniel, Alain et Marc.<\/p>\n<p>Les enfants recevront leur carte de p\u00eache et leur bo\u00eete de p\u00eache avec tout le mat\u00e9riel n\u00e9cessaire pour construire 5 lignes.<\/p>\n<p>Le programme sera pr\u00e9sent\u00e9 en d\u00e9tail. Cette ann\u00e9e les enfants auront en plus un cours sur les oiseaux pr\u00e9sents aux \u00e9tangs et une visite de l\u2019\u00e9cluse de Port L\u2019Isle-Adam.<\/p>\n<p>Nos sponsors Julien Jarin et Sensas nous aident pour le fonctionnement de cette section de p\u00eache.<\/p>\n<p>Apr\u00e8s la pr\u00e9sentation de l\u2019\u00e9quipe et du programme, le premier cours sera donn\u00e9 aux enfants jusqu\u2019\u00e0 17h00.<\/p>\n<p><a href=\"https:\/\/etang-apepp-isle-adam.fr\/wp-content\/uploads\/2024\/01\/20240124-APEPP-Calendrier-section-enfants.pdf\" target=\"_blank\" rel=\"noopener\">Calendrier section initiation p\u00eache enfants<\/a><\/p>\n<p>&nbsp;<\/p>\n<p>[\/et_pb_text][\/et_pb_column][\/et_pb_row][\/et_pb_section]<\/p>\n","protected":false},"excerpt":{"rendered":"<p>La saison 2024 de la section initiation p\u00eache enfants commence d\u00e8s les premi\u00e8res inscriptions pendant le forum des associations. Chaque ann\u00e9e les demandes d&rsquo;inscriptions restent sup\u00e9rieures \u00e0 notre capacit\u00e9 d&rsquo;accueil. Il est conseill\u00e9 aux parents de prendre contact avec notre association (apepp95@gmail.com) le plus t\u00f4t possible pour pr\u00e9inscrire les enfants. Le bureau de l&rsquo;association a [&hellip;]<\/p>\n","protected":false},"author":1,"featured_media":0,"parent":0,"menu_order":0,"comment_status":"closed","ping_status":"closed","template":"","meta":{"_et_pb_use_builder":"on","_et_pb_old_content":"","_et_gb_content_width":"","footnotes":""},"class_list":["post-3457","page","type-page","status-publish","hentry"],"yoast_head":"<!-- This site is optimized with the Yoast SEO plugin v27.4 - https:\/\/yoast.com\/product\/yoast-seo-wordpress\/ -->\n<title>Section initiation p\u00eache enfants 2024 - APEPP<\/title>\n<meta name=\"robots\" content=\"index, follow, max-snippet:-1, max-image-preview:large, max-video-preview:-1\" \/>\n<link rel=\"canonical\" href=\"https:\/\/etang-apepp-isle-adam.fr\/?page_id=3457\" \/>\n<meta property=\"og:locale\" content=\"fr_FR\" \/>\n<meta property=\"og:type\" content=\"article\" \/>\n<meta property=\"og:title\" content=\"Section initiation p\u00eache enfants 2024 - APEPP\" \/>\n<meta property=\"og:description\" content=\"La saison 2024 de la section initiation p\u00eache enfants commence d\u00e8s les premi\u00e8res inscriptions pendant le forum des associations. Chaque ann\u00e9e les demandes d&#039;inscriptions restent sup\u00e9rieures \u00e0 notre capacit\u00e9 d&#039;accueil. Il est conseill\u00e9 aux parents de prendre contact avec notre association (apepp95@gmail.com) le plus t\u00f4t possible pour pr\u00e9inscrire les enfants. Le bureau de l&#039;association a [&hellip;]\" \/>\n<meta property=\"og:url\" content=\"https:\/\/etang-apepp-isle-adam.fr\/?page_id=3457\" \/>\n<meta property=\"og:site_name\" content=\"APEPP\" \/>\n<meta property=\"article:modified_time\" content=\"2024-01-25T07:09:52+00:00\" \/>\n<meta property=\"og:image\" content=\"https:\/\/etang-apepp-isle-adam.fr\/wp-content\/uploads\/2024\/01\/Forum-2024-300x225.jpg\" \/>\n<meta name=\"twitter:card\" content=\"summary_large_image\" \/>\n<meta name=\"twitter:label1\" content=\"Dur\u00e9e de lecture estim\u00e9e\" \/>\n\t<meta name=\"twitter:data1\" content=\"2 minutes\" \/>\n<script type=\"application\/ld+json\" class=\"yoast-schema-graph\">{\"@context\":\"https:\\\/\\\/schema.org\",\"@graph\":[{\"@type\":\"WebPage\",\"@id\":\"https:\\\/\\\/etang-apepp-isle-adam.fr\\\/?page_id=3457\",\"url\":\"https:\\\/\\\/etang-apepp-isle-adam.fr\\\/?page_id=3457\",\"name\":\"Section initiation p\u00eache enfants 2024 - APEPP\",\"isPartOf\":{\"@id\":\"https:\\\/\\\/etang-apepp-isle-adam.fr\\\/#website\"},\"primaryImageOfPage\":{\"@id\":\"https:\\\/\\\/etang-apepp-isle-adam.fr\\\/?page_id=3457#primaryimage\"},\"image\":{\"@id\":\"https:\\\/\\\/etang-apepp-isle-adam.fr\\\/?page_id=3457#primaryimage\"},\"thumbnailUrl\":\"https:\\\/\\\/etang-apepp-isle-adam.fr\\\/wp-content\\\/uploads\\\/2024\\\/01\\\/Forum-2024-300x225.jpg\",\"datePublished\":\"2024-01-25T06:59:10+00:00\",\"dateModified\":\"2024-01-25T07:09:52+00:00\",\"breadcrumb\":{\"@id\":\"https:\\\/\\\/etang-apepp-isle-adam.fr\\\/?page_id=3457#breadcrumb\"},\"inLanguage\":\"fr-FR\",\"potentialAction\":[{\"@type\":\"ReadAction\",\"target\":[\"https:\\\/\\\/etang-apepp-isle-adam.fr\\\/?page_id=3457\"]}]},{\"@type\":\"ImageObject\",\"inLanguage\":\"fr-FR\",\"@id\":\"https:\\\/\\\/etang-apepp-isle-adam.fr\\\/?page_id=3457#primaryimage\",\"url\":\"https:\\\/\\\/etang-apepp-isle-adam.fr\\\/wp-content\\\/uploads\\\/2024\\\/01\\\/Forum-2024.jpg\",\"contentUrl\":\"https:\\\/\\\/etang-apepp-isle-adam.fr\\\/wp-content\\\/uploads\\\/2024\\\/01\\\/Forum-2024.jpg\",\"width\":564,\"height\":423},{\"@type\":\"BreadcrumbList\",\"@id\":\"https:\\\/\\\/etang-apepp-isle-adam.fr\\\/?page_id=3457#breadcrumb\",\"itemListElement\":[{\"@type\":\"ListItem\",\"position\":1,\"name\":\"Accueil\",\"item\":\"https:\\\/\\\/etang-apepp-isle-adam.fr\\\/\"},{\"@type\":\"ListItem\",\"position\":2,\"name\":\"Section initiation p\u00eache enfants 2024\"}]},{\"@type\":\"WebSite\",\"@id\":\"https:\\\/\\\/etang-apepp-isle-adam.fr\\\/#website\",\"url\":\"https:\\\/\\\/etang-apepp-isle-adam.fr\\\/\",\"name\":\"APEPP\",\"description\":\"Tranquillit\u00e9 et convivialit\u00e9\",\"potentialAction\":[{\"@type\":\"SearchAction\",\"target\":{\"@type\":\"EntryPoint\",\"urlTemplate\":\"https:\\\/\\\/etang-apepp-isle-adam.fr\\\/?s={search_term_string}\"},\"query-input\":{\"@type\":\"PropertyValueSpecification\",\"valueRequired\":true,\"valueName\":\"search_term_string\"}}],\"inLanguage\":\"fr-FR\"}]}<\/script>\n<!-- \/ Yoast SEO plugin. -->","yoast_head_json":{"title":"Section initiation p\u00eache enfants 2024 - APEPP","robots":{"index":"index","follow":"follow","max-snippet":"max-snippet:-1","max-image-preview":"max-image-preview:large","max-video-preview":"max-video-preview:-1"},"canonical":"https:\/\/etang-apepp-isle-adam.fr\/?page_id=3457","og_locale":"fr_FR","og_type":"article","og_title":"Section initiation p\u00eache enfants 2024 - APEPP","og_description":"La saison 2024 de la section initiation p\u00eache enfants commence d\u00e8s les premi\u00e8res inscriptions pendant le forum des associations. Chaque ann\u00e9e les demandes d'inscriptions restent sup\u00e9rieures \u00e0 notre capacit\u00e9 d'accueil. Il est conseill\u00e9 aux parents de prendre contact avec notre association (apepp95@gmail.com) le plus t\u00f4t possible pour pr\u00e9inscrire les enfants. Le bureau de l'association a [&hellip;]","og_url":"https:\/\/etang-apepp-isle-adam.fr\/?page_id=3457","og_site_name":"APEPP","article_modified_time":"2024-01-25T07:09:52+00:00","og_image":[{"url":"https:\/\/etang-apepp-isle-adam.fr\/wp-content\/uploads\/2024\/01\/Forum-2024-300x225.jpg","type":"","width":"","height":""}],"twitter_card":"summary_large_image","twitter_misc":{"Dur\u00e9e de lecture estim\u00e9e":"2 minutes"},"schema":{"@context":"https:\/\/schema.org","@graph":[{"@type":"WebPage","@id":"https:\/\/etang-apepp-isle-adam.fr\/?page_id=3457","url":"https:\/\/etang-apepp-isle-adam.fr\/?page_id=3457","name":"Section initiation p\u00eache enfants 2024 - APEPP","isPartOf":{"@id":"https:\/\/etang-apepp-isle-adam.fr\/#website"},"primaryImageOfPage":{"@id":"https:\/\/etang-apepp-isle-adam.fr\/?page_id=3457#primaryimage"},"image":{"@id":"https:\/\/etang-apepp-isle-adam.fr\/?page_id=3457#primaryimage"},"thumbnailUrl":"https:\/\/etang-apepp-isle-adam.fr\/wp-content\/uploads\/2024\/01\/Forum-2024-300x225.jpg","datePublished":"2024-01-25T06:59:10+00:00","dateModified":"2024-01-25T07:09:52+00:00","breadcrumb":{"@id":"https:\/\/etang-apepp-isle-adam.fr\/?page_id=3457#breadcrumb"},"inLanguage":"fr-FR","potentialAction":[{"@type":"ReadAction","target":["https:\/\/etang-apepp-isle-adam.fr\/?page_id=3457"]}]},{"@type":"ImageObject","inLanguage":"fr-FR","@id":"https:\/\/etang-apepp-isle-adam.fr\/?page_id=3457#primaryimage","url":"https:\/\/etang-apepp-isle-adam.fr\/wp-content\/uploads\/2024\/01\/Forum-2024.jpg","contentUrl":"https:\/\/etang-apepp-isle-adam.fr\/wp-content\/uploads\/2024\/01\/Forum-2024.jpg","width":564,"height":423},{"@type":"BreadcrumbList","@id":"https:\/\/etang-apepp-isle-adam.fr\/?page_id=3457#breadcrumb","itemListElement":[{"@type":"ListItem","position":1,"name":"Accueil","item":"https:\/\/etang-apepp-isle-adam.fr\/"},{"@type":"ListItem","position":2,"name":"Section initiation p\u00eache enfants 2024"}]},{"@type":"WebSite","@id":"https:\/\/etang-apepp-isle-adam.fr\/#website","url":"https:\/\/etang-apepp-isle-adam.fr\/","name":"APEPP","description":"Tranquillit\u00e9 et convivialit\u00e9","potentialAction":[{"@type":"SearchAction","target":{"@type":"EntryPoint","urlTemplate":"https:\/\/etang-apepp-isle-adam.fr\/?s={search_term_string}"},"query-input":{"@type":"PropertyValueSpecification","valueRequired":true,"valueName":"search_term_string"}}],"inLanguage":"fr-FR"}]}},"_links":{"self":[{"href":"https:\/\/etang-apepp-isle-adam.fr\/index.php?rest_route=\/wp\/v2\/pages\/3457","targetHints":{"allow":["GET"]}}],"collection":[{"href":"https:\/\/etang-apepp-isle-adam.fr\/index.php?rest_route=\/wp\/v2\/pages"}],"about":[{"href":"https:\/\/etang-apepp-isle-adam.fr\/index.php?rest_route=\/wp\/v2\/types\/page"}],"author":[{"embeddable":true,"href":"https:\/\/etang-apepp-isle-adam.fr\/index.php?rest_route=\/wp\/v2\/users\/1"}],"replies":[{"embeddable":true,"href":"https:\/\/etang-apepp-isle-adam.fr\/index.php?rest_route=%2Fwp%2Fv2%2Fcomments&post=3457"}],"version-history":[{"count":6,"href":"https:\/\/etang-apepp-isle-adam.fr\/index.php?rest_route=\/wp\/v2\/pages\/3457\/revisions"}],"predecessor-version":[{"id":3467,"href":"https:\/\/etang-apepp-isle-adam.fr\/index.php?rest_route=\/wp\/v2\/pages\/3457\/revisions\/3467"}],"wp:attachment":[{"href":"https:\/\/etang-apepp-isle-adam.fr\/index.php?rest_route=%2Fwp%2Fv2%2Fmedia&parent=3457"}],"curies":[{"name":"wp","href":"https:\/\/api.w.org\/{rel}","templated":true}]}}