{"id":2199,"date":"2021-09-05T05:43:07","date_gmt":"2021-09-05T05:43:07","guid":{"rendered":"https:\/\/etang-apepp-isle-adam.fr\/?page_id=2199"},"modified":"2021-09-05T05:44:13","modified_gmt":"2021-09-05T05:44:13","slug":"2199-2","status":"publish","type":"page","link":"https:\/\/etang-apepp-isle-adam.fr\/?page_id=2199","title":{"rendered":"L&rsquo;\u00e9cole de p\u00eache"},"content":{"rendered":"<p>[et_pb_section fb_built=\u00a0\u00bb1&Prime; _builder_version=\u00a0\u00bb4.9.2&Prime; _module_preset=\u00a0\u00bbdefault\u00a0\u00bb][et_pb_row _builder_version=\u00a0\u00bb4.9.2&Prime; _module_preset=\u00a0\u00bbdefault\u00a0\u00bb][et_pb_column type=\u00a0\u00bb4_4&Prime; _builder_version=\u00a0\u00bb4.9.2&Prime; _module_preset=\u00a0\u00bbdefault\u00a0\u00bb][et_pb_text _builder_version=\u00a0\u00bb4.9.2&Prime; _module_preset=\u00a0\u00bbdefault\u00a0\u00bb background_color=\u00a0\u00bb#FFFFFF\u00a0\u00bb hover_enabled=\u00a0\u00bb0&Prime; sticky_enabled=\u00a0\u00bb0&Prime;]<\/p>\n<p>L&rsquo;\u00e9cole de p\u00eache des \u00e9tangs de la Petite Plaine existe depuis plus de 20 ans. Elle a re\u00e7u chaque ann\u00e9e de 10 \u00e0 15 jeunes. Les cours sont dispens\u00e9s sur les six premiers mois de l&rsquo;ann\u00e9e. Une r\u00e9union de pr\u00e9sentation et de prise de contact est organis\u00e9e en f\u00e9vrier pour pr\u00e9senter l&rsquo;\u00e9quipe de l&rsquo;\u00e9cole et le d\u00e9roulement de la formation. Cette r\u00e9union permet d&rsquo;offrir aux enfants une bo\u00eete de p\u00eache qu&rsquo;ils utiliseront pendant toute la saison de p\u00eache et qu&rsquo;il pourront conserver \u00e0 la fin des cours.<\/p>\n<p>Les premi\u00e8res s\u00e9ances se d\u00e9roulent en salle entre les vacances de f\u00e9vrier et les vacances de printemps. Ces premiers cours sont th\u00e9oriques avec une pr\u00e9sentation de l&rsquo;environnement et le montage de lignes. Des travaux pratiques sont syt\u00e9matiques \u00e0 chaque s\u00e9ance pour monter les lignes qui seront utilis\u00e9es au bord de l&rsquo;eau.<\/p>\n<p>En avril, les cours au bord de l&rsquo;eau d\u00e9butent avec la pr\u00e9sentation et le montage du mat\u00e9riel. Le but est de rendre autonome l&rsquo;enfant \u00e0 la fin des cours<\/p>\n<p>Tout le mat\u00e9riel de p\u00eache est pr\u00eat\u00e9 par l&rsquo;association, si\u00e8ge, canne \u00e0 p\u00eache, \u00e9puisette, rouleau, amorce et esches.\u00a0<\/p>\n<p>Un go\u00fbter avec boissons est propos\u00e9 aux enants \u00e0 la fin de chaque s\u00e9ance.\u00a0<\/p>\n<p>Les instructeurs sont des membres b\u00e9n\u00e9voles du bureau.<\/p>\n<p>[\/et_pb_text][\/et_pb_column][\/et_pb_row][\/et_pb_section]<\/p>\n","protected":false},"excerpt":{"rendered":"<p>L&rsquo;\u00e9cole de p\u00eache des \u00e9tangs de la Petite Plaine existe depuis plus de 20 ans. Elle a re\u00e7u chaque ann\u00e9e de 10 \u00e0 15 jeunes. Les cours sont dispens\u00e9s sur les six premiers mois de l&rsquo;ann\u00e9e. Une r\u00e9union de pr\u00e9sentation et de prise de contact est organis\u00e9e en f\u00e9vrier pour pr\u00e9senter l&rsquo;\u00e9quipe de l&rsquo;\u00e9cole et [&hellip;]<\/p>\n","protected":false},"author":1,"featured_media":0,"parent":0,"menu_order":0,"comment_status":"closed","ping_status":"closed","template":"","meta":{"_et_pb_use_builder":"on","_et_pb_old_content":"","_et_gb_content_width":"","footnotes":""},"class_list":["post-2199","page","type-page","status-publish","hentry"],"yoast_head":"<!-- This site is optimized with the Yoast SEO plugin v27.4 - https:\/\/yoast.com\/product\/yoast-seo-wordpress\/ -->\n<title>L&#039;\u00e9cole de p\u00eache - APEPP<\/title>\n<meta name=\"robots\" content=\"index, follow, max-snippet:-1, max-image-preview:large, max-video-preview:-1\" \/>\n<link rel=\"canonical\" href=\"https:\/\/etang-apepp-isle-adam.fr\/?page_id=2199\" \/>\n<meta property=\"og:locale\" content=\"fr_FR\" \/>\n<meta property=\"og:type\" content=\"article\" \/>\n<meta property=\"og:title\" content=\"L&#039;\u00e9cole de p\u00eache - APEPP\" \/>\n<meta property=\"og:description\" content=\"L&#039;\u00e9cole de p\u00eache des \u00e9tangs de la Petite Plaine existe depuis plus de 20 ans. Elle a re\u00e7u chaque ann\u00e9e de 10 \u00e0 15 jeunes. Les cours sont dispens\u00e9s sur les six premiers mois de l&#039;ann\u00e9e. Une r\u00e9union de pr\u00e9sentation et de prise de contact est organis\u00e9e en f\u00e9vrier pour pr\u00e9senter l&#039;\u00e9quipe de l&#039;\u00e9cole et [&hellip;]\" \/>\n<meta property=\"og:url\" content=\"https:\/\/etang-apepp-isle-adam.fr\/?page_id=2199\" \/>\n<meta property=\"og:site_name\" content=\"APEPP\" \/>\n<meta property=\"article:modified_time\" content=\"2021-09-05T05:44:13+00:00\" \/>\n<meta name=\"twitter:card\" content=\"summary_large_image\" \/>\n<script type=\"application\/ld+json\" class=\"yoast-schema-graph\">{\"@context\":\"https:\\\/\\\/schema.org\",\"@graph\":[{\"@type\":\"WebPage\",\"@id\":\"https:\\\/\\\/etang-apepp-isle-adam.fr\\\/?page_id=2199\",\"url\":\"https:\\\/\\\/etang-apepp-isle-adam.fr\\\/?page_id=2199\",\"name\":\"L'\u00e9cole de p\u00eache - APEPP\",\"isPartOf\":{\"@id\":\"https:\\\/\\\/etang-apepp-isle-adam.fr\\\/#website\"},\"datePublished\":\"2021-09-05T05:43:07+00:00\",\"dateModified\":\"2021-09-05T05:44:13+00:00\",\"breadcrumb\":{\"@id\":\"https:\\\/\\\/etang-apepp-isle-adam.fr\\\/?page_id=2199#breadcrumb\"},\"inLanguage\":\"fr-FR\",\"potentialAction\":[{\"@type\":\"ReadAction\",\"target\":[\"https:\\\/\\\/etang-apepp-isle-adam.fr\\\/?page_id=2199\"]}]},{\"@type\":\"BreadcrumbList\",\"@id\":\"https:\\\/\\\/etang-apepp-isle-adam.fr\\\/?page_id=2199#breadcrumb\",\"itemListElement\":[{\"@type\":\"ListItem\",\"position\":1,\"name\":\"Accueil\",\"item\":\"https:\\\/\\\/etang-apepp-isle-adam.fr\\\/\"},{\"@type\":\"ListItem\",\"position\":2,\"name\":\"L&rsquo;\u00e9cole de p\u00eache\"}]},{\"@type\":\"WebSite\",\"@id\":\"https:\\\/\\\/etang-apepp-isle-adam.fr\\\/#website\",\"url\":\"https:\\\/\\\/etang-apepp-isle-adam.fr\\\/\",\"name\":\"APEPP\",\"description\":\"Tranquillit\u00e9 et convivialit\u00e9\",\"potentialAction\":[{\"@type\":\"SearchAction\",\"target\":{\"@type\":\"EntryPoint\",\"urlTemplate\":\"https:\\\/\\\/etang-apepp-isle-adam.fr\\\/?s={search_term_string}\"},\"query-input\":{\"@type\":\"PropertyValueSpecification\",\"valueRequired\":true,\"valueName\":\"search_term_string\"}}],\"inLanguage\":\"fr-FR\"}]}<\/script>\n<!-- \/ Yoast SEO plugin. -->","yoast_head_json":{"title":"L'\u00e9cole de p\u00eache - APEPP","robots":{"index":"index","follow":"follow","max-snippet":"max-snippet:-1","max-image-preview":"max-image-preview:large","max-video-preview":"max-video-preview:-1"},"canonical":"https:\/\/etang-apepp-isle-adam.fr\/?page_id=2199","og_locale":"fr_FR","og_type":"article","og_title":"L'\u00e9cole de p\u00eache - APEPP","og_description":"L'\u00e9cole de p\u00eache des \u00e9tangs de la Petite Plaine existe depuis plus de 20 ans. Elle a re\u00e7u chaque ann\u00e9e de 10 \u00e0 15 jeunes. Les cours sont dispens\u00e9s sur les six premiers mois de l'ann\u00e9e. Une r\u00e9union de pr\u00e9sentation et de prise de contact est organis\u00e9e en f\u00e9vrier pour pr\u00e9senter l'\u00e9quipe de l'\u00e9cole et [&hellip;]","og_url":"https:\/\/etang-apepp-isle-adam.fr\/?page_id=2199","og_site_name":"APEPP","article_modified_time":"2021-09-05T05:44:13+00:00","twitter_card":"summary_large_image","schema":{"@context":"https:\/\/schema.org","@graph":[{"@type":"WebPage","@id":"https:\/\/etang-apepp-isle-adam.fr\/?page_id=2199","url":"https:\/\/etang-apepp-isle-adam.fr\/?page_id=2199","name":"L'\u00e9cole de p\u00eache - APEPP","isPartOf":{"@id":"https:\/\/etang-apepp-isle-adam.fr\/#website"},"datePublished":"2021-09-05T05:43:07+00:00","dateModified":"2021-09-05T05:44:13+00:00","breadcrumb":{"@id":"https:\/\/etang-apepp-isle-adam.fr\/?page_id=2199#breadcrumb"},"inLanguage":"fr-FR","potentialAction":[{"@type":"ReadAction","target":["https:\/\/etang-apepp-isle-adam.fr\/?page_id=2199"]}]},{"@type":"BreadcrumbList","@id":"https:\/\/etang-apepp-isle-adam.fr\/?page_id=2199#breadcrumb","itemListElement":[{"@type":"ListItem","position":1,"name":"Accueil","item":"https:\/\/etang-apepp-isle-adam.fr\/"},{"@type":"ListItem","position":2,"name":"L&rsquo;\u00e9cole de p\u00eache"}]},{"@type":"WebSite","@id":"https:\/\/etang-apepp-isle-adam.fr\/#website","url":"https:\/\/etang-apepp-isle-adam.fr\/","name":"APEPP","description":"Tranquillit\u00e9 et convivialit\u00e9","potentialAction":[{"@type":"SearchAction","target":{"@type":"EntryPoint","urlTemplate":"https:\/\/etang-apepp-isle-adam.fr\/?s={search_term_string}"},"query-input":{"@type":"PropertyValueSpecification","valueRequired":true,"valueName":"search_term_string"}}],"inLanguage":"fr-FR"}]}},"_links":{"self":[{"href":"https:\/\/etang-apepp-isle-adam.fr\/index.php?rest_route=\/wp\/v2\/pages\/2199","targetHints":{"allow":["GET"]}}],"collection":[{"href":"https:\/\/etang-apepp-isle-adam.fr\/index.php?rest_route=\/wp\/v2\/pages"}],"about":[{"href":"https:\/\/etang-apepp-isle-adam.fr\/index.php?rest_route=\/wp\/v2\/types\/page"}],"author":[{"embeddable":true,"href":"https:\/\/etang-apepp-isle-adam.fr\/index.php?rest_route=\/wp\/v2\/users\/1"}],"replies":[{"embeddable":true,"href":"https:\/\/etang-apepp-isle-adam.fr\/index.php?rest_route=%2Fwp%2Fv2%2Fcomments&post=2199"}],"version-history":[{"count":3,"href":"https:\/\/etang-apepp-isle-adam.fr\/index.php?rest_route=\/wp\/v2\/pages\/2199\/revisions"}],"predecessor-version":[{"id":2204,"href":"https:\/\/etang-apepp-isle-adam.fr\/index.php?rest_route=\/wp\/v2\/pages\/2199\/revisions\/2204"}],"wp:attachment":[{"href":"https:\/\/etang-apepp-isle-adam.fr\/index.php?rest_route=%2Fwp%2Fv2%2Fmedia&parent=2199"}],"curies":[{"name":"wp","href":"https:\/\/api.w.org\/{rel}","templated":true}]}}