{"id":1491,"date":"2021-03-30T05:25:34","date_gmt":"2021-03-30T05:25:34","guid":{"rendered":"http:\/\/etang-apepp-isle-adam.fr\/?page_id=1491"},"modified":"2021-09-05T05:46:36","modified_gmt":"2021-09-05T05:46:36","slug":"lecole-de-peche","status":"publish","type":"page","link":"https:\/\/etang-apepp-isle-adam.fr\/?page_id=1491","title":{"rendered":"L&rsquo;\u00e9cole de p\u00eache 2021"},"content":{"rendered":"<p>[et_pb_section fb_built=\u00a0\u00bb1&Prime; _builder_version=\u00a0\u00bb4.9.2&Prime; _module_preset=\u00a0\u00bbdefault\u00a0\u00bb][et_pb_row _builder_version=\u00a0\u00bb4.9.2&Prime; _module_preset=\u00a0\u00bbdefault\u00a0\u00bb][et_pb_column type=\u00a0\u00bb4_4&Prime; _builder_version=\u00a0\u00bb4.9.2&Prime; _module_preset=\u00a0\u00bbdefault\u00a0\u00bb][et_pb_text _builder_version=\u00a0\u00bb4.9.2&Prime; _module_preset=\u00a0\u00bbdefault\u00a0\u00bb background_color=\u00a0\u00bb#d3bc23&Prime; min_height=\u00a0\u00bb221px\u00a0\u00bb]<\/p>\n<p>Toutes les bonnes choses ont une fin. L&rsquo;\u00e9cole de p\u00eache 2021 s&rsquo;arr\u00eate ce samedi 26 juin 2022. Patrice avait tout organis\u00e9 pour r\u00e9compenser les enfants qui ont \u00e9t\u00e9 patients et tr\u00e8s motiv\u00e9s pour cette p\u00e9riode d&rsquo;initiation \u00e0 la p\u00eache fortement pertub\u00e9e par la crise sanitaire. Un grand merci \u00e0 Patrice, \u00e0 Thomas, \u00e0 Daniel, \u00e0 Michel M et \u00e0 Michel G qui ont donn\u00e9 de leur temps pour encadrer les enfants en salle et au bord de l&rsquo;eau.<\/p>\n<p>Cet apr\u00e8s-midi organis\u00e9 comme un concours a permis aux enfants de faire le tirage au sort des places, de pr\u00e9parer son poste de p\u00eache, de sonder, d&rsquo;amorcer, de p\u00eacher, de faire la pes\u00e9e et de conna\u00eetreles r\u00e9sultats pour recevoir un lot. Un go\u00fbter a clotur\u00e9 cette remise des r\u00e9compenses avec des coupes offertes par le conseil d\u00e9partemental.<\/p>\n<p>Cette derni\u00e8re journ\u00e9e a permis aux enfants de voir qu&rsquo;ils \u00e9taient maintenant capables de &lsquo;s&rsquo;installer seul au bord de l&rsquo;eau et de p\u00eacher avec leur ligne. Il reste encore des progr\u00e8s \u00e0 faire et d\u00e9j\u00e0 quelques-uns se sont inscrits pour la saison prochaine.<\/p>\n<p>[\/et_pb_text][et_pb_video src=\u00a0\u00bbhttps:\/\/etang-apepp-isle-adam.fr\/wp-content\/uploads\/2021\/06\/IMG_3917.mov\u00a0\u00bb _builder_version=\u00a0\u00bb4.9.2&Prime; _module_preset=\u00a0\u00bbdefault\u00a0\u00bb min_height=\u00a0\u00bb750.3px\u00a0\u00bb custom_margin=\u00a0\u00bb-36px|||||\u00a0\u00bb custom_padding=\u00a0\u00bb0px|||||\u00a0\u00bb][\/et_pb_video][et_pb_gallery gallery_ids=\u00a0\u00bb2082,2081,2077,2078,2079,2080,2092,2088,2089,2090,2093,2094,2095,2096,2097,2098,2099,2100,2091,2101&Prime; posts_number=\u00a0\u00bb10&Prime; _builder_version=\u00a0\u00bb4.9.2&Prime; _module_preset=\u00a0\u00bbdefault\u00a0\u00bb background_color=\u00a0\u00bb#FFFFFF\u00a0\u00bb custom_margin=\u00a0\u00bb-38px|||||\u00a0\u00bb][\/et_pb_gallery][et_pb_video src=\u00a0\u00bbhttps:\/\/etang-apepp-isle-adam.fr\/wp-content\/uploads\/2021\/06\/IMG_3926.mov\u00a0\u00bb _builder_version=\u00a0\u00bb4.9.2&Prime; _module_preset=\u00a0\u00bbdefault\u00a0\u00bb min_height=\u00a0\u00bb765.3px\u00a0\u00bb custom_margin=\u00a0\u00bb-34px||-16px|||\u00a0\u00bb custom_padding=\u00a0\u00bb||15px|||\u00a0\u00bb][\/et_pb_video][\/et_pb_column][\/et_pb_row][et_pb_row column_structure=\u00a0\u00bb2_5,3_5&Prime; _builder_version=\u00a0\u00bb4.9.2&Prime; _module_preset=\u00a0\u00bbdefault\u00a0\u00bb][et_pb_column type=\u00a0\u00bb2_5&Prime; _builder_version=\u00a0\u00bb4.9.2&Prime; _module_preset=\u00a0\u00bbdefault\u00a0\u00bb][et_pb_text _builder_version=\u00a0\u00bb4.9.2&Prime; _module_preset=\u00a0\u00bbdefault\u00a0\u00bb text_font_size=\u00a0\u00bb21px\u00a0\u00bb background_color=\u00a0\u00bb#FFFFFF\u00a0\u00bb min_height=\u00a0\u00bb36px\u00a0\u00bb custom_margin=\u00a0\u00bb||2px|||\u00a0\u00bb]<\/p>\n<p style=\"text-align: center;\"><strong>Derni\u00e8res informations<\/strong><\/p>\n<p>[\/et_pb_text][et_pb_text _builder_version=\u00a0\u00bb4.9.2&Prime; _module_preset=\u00a0\u00bbdefault\u00a0\u00bb background_color=\u00a0\u00bb#FFFFFF\u00a0\u00bb]<\/p>\n<p><strong>Samedi 12 juin:<\/strong> Bonne m\u00e9t\u00e9o mais des absents. L&rsquo;\u00e9tang du lyc\u00e9e est toujours infest\u00e9 de mousse. Il faut le nettoyer avant chaque partie de p\u00eache. Merci \u00e0 Michel M et \u00e0 Michel G pour leur d\u00e9vouement. Patrice tr\u00e8s investi est toujours pr\u00eat \u00e0 s&rsquo;occuper des jeunes p\u00eacheurs. Le poisson \u00e9tait bien au rendez-vous et a fait le plaisir de quelques-uns.\u00a0<\/p>\n<p>[\/et_pb_text][et_pb_text _builder_version=\u00a0\u00bb4.9.2&Prime; _module_preset=\u00a0\u00bbdefault\u00a0\u00bb background_color=\u00a0\u00bb#FFFFFF\u00a0\u00bb min_height=\u00a0\u00bb236px\u00a0\u00bb custom_margin=\u00a0\u00bb-35px|||||\u00a0\u00bb custom_padding=\u00a0\u00bb0px|||||\u00a0\u00bb]<\/p>\n<p><strong>Samedi 5 juin:<\/strong> Michel M s&rsquo;est occup\u00e9 de deux jeunes p\u00eacheurs au grand \u00e9tang et les a initi\u00e9s \u00e0 la p\u00eache aux carnassiers. Pas \u00e9vident de bien lancer un leurre mais apr\u00e8s plusieurs tentatvies, le geste a \u00e9t\u00e9 bien appliqu\u00e9. Les autres p\u00eacheurs en herbe \u00e9taient \u00e0 l&rsquo;\u00e9tang du lyc\u00e9e. Le ferrage est encore difficile mais la mise \u00e0 l&rsquo;eau de la ligne a bien \u00e9t\u00e9 comprise. Encore quelques installations du poste de p\u00eache \u00e0 faire pour ces jeunes p\u00eacheurs et obtenir une autonomie au bord de l&rsquo;eau. La m\u00e9t\u00e9o cl\u00e9mente a permis de belles prises malgr\u00e9 quelques d\u00e9crochages. Le go\u00fbter habituel pr\u00e9par\u00e9 par patrice a cl\u00f4tur\u00e9 ce bel apr\u00e8s-midi.\u00a0<\/p>\n<p>[\/et_pb_text][et_pb_text _builder_version=\u00a0\u00bb4.9.2&Prime; _module_preset=\u00a0\u00bbdefault\u00a0\u00bb background_color=\u00a0\u00bb#FFFFFF\u00a0\u00bb custom_margin=\u00a0\u00bb-36px|||||\u00a0\u00bb custom_padding=\u00a0\u00bb0px|||||\u00a0\u00bb]<\/p>\n<p><strong>Samedi 29 mai :<\/strong> les enfants fid\u00e8les au rendez-vous ont pu continu\u00e9 leur entra\u00eenement sous l&rsquo;oeil attentif de Patrice.<\/p>\n<p>[\/et_pb_text][et_pb_text _builder_version=\u00a0\u00bb4.9.2&Prime; _module_preset=\u00a0\u00bbdefault\u00a0\u00bb background_color=\u00a0\u00bb#FFFFFF\u00a0\u00bb custom_margin=\u00a0\u00bb-35px|||||\u00a0\u00bb custom_padding=\u00a0\u00bb7px|||||\u00a0\u00bb]<\/p>\n<p><strong>Weekend de Pentec\u00f4te<\/strong>: samedi 22 mai, la sortie p\u00eache a \u00e9t\u00e9 annul\u00e9e en raison des conditions m\u00e9t\u00e9orologiques. La moiti\u00e9 du groupe de p\u00eacheurs a choisi de venir au bord de l&rsquo;eau le dimanche de Pentec\u00f4te. Patrice \u00e9tait pr\u00e9sent avec Thomas pour transporter et installer tout le mat\u00e9riel de l&rsquo;\u00e9cole de p\u00eache. Ulysse se souviendra de ces dix poissons mis au fond de la bourriche et rel\u00e2ch\u00e9s apr\u00e8s une belle photo. L&rsquo;apr\u00e8s-midi s&rsquo;est termin\u00e9 autour d&rsquo;un bon go\u00fbter. La s\u00e9ance du lundi a \u00e9t\u00e9 \u00e9court\u00e9e avec l&rsquo;arriv\u00e9e d&rsquo;un orage de gr\u00eale. Mais parmi nos sept p\u00eacheurs, aucun capot et l&rsquo;\u00e9puisette a encore \u00e9t\u00e9 tr\u00e8s utile.<\/p>\n<p>[\/et_pb_text][et_pb_text _builder_version=\u00a0\u00bb4.9.2&Prime; _module_preset=\u00a0\u00bbdefault\u00a0\u00bb background_color=\u00a0\u00bb#FFFFFF\u00a0\u00bb custom_margin=\u00a0\u00bb-33px||30px|||\u00a0\u00bb]<\/p>\n<p><strong>Samedi 15 mai:<\/strong> m\u00e9t\u00e9o favorable ou pas ? Il faut d\u00e9cider et pr\u00e9venir les parents. Une derni\u00e8re v\u00e9rification en fin de matin\u00e9e et tr\u00e8s optimiste Patrice maintient le cours de p\u00eache au bord de l&rsquo;eau. Quelques rad\u00e9es mais les enfants ont pu p\u00eacher. La pluie et les poissons \u00e9taient pr\u00e9sents. Une belle r\u00e9vision de l&rsquo;installation du poste de p\u00eache avant la mise \u00e0 l&rsquo;eau des lignes. Merci \u00e0Patrice, Daniel et Michel M pour leur pr\u00e9sence et leurs conseils.<\/p>\n<p>[\/et_pb_text][et_pb_text _builder_version=\u00a0\u00bb4.9.2&Prime; _module_preset=\u00a0\u00bbdefault\u00a0\u00bb background_color=\u00a0\u00bb#FFFFFF\u00a0\u00bb min_height=\u00a0\u00bb171px\u00a0\u00bb custom_margin=\u00a0\u00bb-28px|||||\u00a0\u00bb]<\/p>\n<p><strong>Jeudi 13 mai:<\/strong> changement de lieu de p\u00eache ce jeudi de l&rsquo;Ascension. Le r\u00e9servoir d&rsquo;eau pr\u00e8s du lyc\u00e9e regorge de poissons. Il a fallu ramasser les algues en surface pour permettre aux enfants de p\u00eacher dans de bonnes conditions. Les premiers poissons attrap\u00e9s ont fait le bonheur des jeunes p\u00eacheurs. Comme d&rsquo;habitude, un bon go\u00fbter pr\u00e9par\u00e9 par Patrice a cl\u00f4tur\u00e9 cet aprs\u00e8-midi ensoleill\u00e9.\u00a0<\/p>\n<p>[\/et_pb_text][et_pb_text _builder_version=\u00a0\u00bb4.9.2&Prime; _module_preset=\u00a0\u00bbdefault\u00a0\u00bb background_color=\u00a0\u00bb#FFFFFF\u00a0\u00bb min_height=\u00a0\u00bb206px\u00a0\u00bb custom_margin=\u00a0\u00bb-33px||0px|||\u00a0\u00bb]<\/p>\n<p><strong>Samedi 8 mai 2021:<\/strong> une dizaine d&rsquo;enfants pr\u00e9sents, tous ont pu p\u00eacher malgr\u00e9 un vent d&rsquo;ouest bien pr\u00e9sent. Les derni\u00e8res lignes ont \u00e9t\u00e9 mont\u00e9es. La mise en place du poste de p\u00eache a pu \u00eatre expliqu\u00e9e en grandeur nature au bord de l&rsquo;eau. Le sondage est une action d\u00e9licate et d\u00e9terminante pour la partie de p\u00eache. L&rsquo;entra\u00eenement \u00e0 sonder se fera maintenant \u00e0 chaque s\u00e9ance. Un grand merci \u00e0 Patrice, Michel M. et \u00e0 Daniel pour leur patience et pour leurs explications.<\/p>\n<p>[\/et_pb_text][et_pb_text _builder_version=\u00a0\u00bb4.9.2&Prime; _module_preset=\u00a0\u00bbdefault\u00a0\u00bb background_color=\u00a0\u00bb#FFFFFF\u00a0\u00bb min_height=\u00a0\u00bb216px\u00a0\u00bb custom_margin=\u00a0\u00bb1px||46px|||\u00a0\u00bb custom_padding=\u00a0\u00bb0px|||||\u00a0\u00bb]<\/p>\n<p><strong>1er mai 2021<\/strong> : effectif presque complet. Apr\u00e8s-midi consacr\u00e9 au montage de ligne et aussi \u00e0 s&rsquo;installer au bord de l&rsquo;eau. Une moiti\u00e9 dans la cabane des p\u00eacheurs pour v\u00e9rifcation des plomb\u00e9es et une partie au bord de l&rsquo;eau mais seulement deux gardons ont \u00e9t\u00e9 sortis de l&rsquo;eau. Le froid y est pour quelque chose. Premi\u00e8re utilisation de l&rsquo;amorce et cours de lancer de ligne. Tous repartis tr\u00e8s contents apr\u00e8s un bon go\u00fbter pr\u00e9par\u00e9 par Patrice. Il est \u00e0 noter le retour attendu de Daniel qui s&rsquo;est empress\u00e9 d&rsquo;accompagner les jeunes p\u00eacheurs au bord de l&rsquo;eau.<\/p>\n<p>[\/et_pb_text][et_pb_text _builder_version=\u00a0\u00bb4.9.2&Prime; _module_preset=\u00a0\u00bbdefault\u00a0\u00bb background_color=\u00a0\u00bb#FFFFFF\u00a0\u00bb min_height=\u00a0\u00bb101px\u00a0\u00bb custom_margin=\u00a0\u00bb-44px|||||\u00a0\u00bb custom_padding=\u00a0\u00bb12px|||||\u00a0\u00bb]<\/p>\n<p><strong>24 avril 2021 :<\/strong> Belle journ\u00e9e pour reprendre (ou commencer) l&rsquo;\u00e9cole de p\u00eache. Merci \u00e0 Patrice et Michel qui se sont occup\u00e9 de nos nouveaux stagiaires. Tr\u00e8s attentifs, les enfants ont d\u00e9couvert le mat\u00e9riel, les boucles, la ligne, etc.. Peut-\u00eatre au bord de l&rsquo;eau la semaine prochaine si la m\u00e9t\u00e9o est favorable.<\/p>\n<p>[\/et_pb_text][\/et_pb_column][et_pb_column type=\u00a0\u00bb3_5&Prime; _builder_version=\u00a0\u00bb4.9.2&Prime; _module_preset=\u00a0\u00bbdefault\u00a0\u00bb][et_pb_text _builder_version=\u00a0\u00bb4.9.2&Prime; _module_preset=\u00a0\u00bbdefault\u00a0\u00bb text_font_size=\u00a0\u00bb21px\u00a0\u00bb background_color=\u00a0\u00bb#FFFFFF\u00a0\u00bb custom_margin=\u00a0\u00bb||-1px|||\u00a0\u00bb]<\/p>\n<p style=\"text-align: center;\"><strong>2021: Photos \u00e9cole de p\u00eache<\/strong><\/p>\n<p>[\/et_pb_text][et_pb_text _builder_version=\u00a0\u00bb4.9.2&Prime; _module_preset=\u00a0\u00bbdefault\u00a0\u00bb background_color=\u00a0\u00bb#FFFFFF\u00a0\u00bb]<\/p>\n<p>Samedi 12 juin 2021<\/p>\n<p>[\/et_pb_text][et_pb_gallery gallery_ids=\u00a0\u00bb2058,2059,2060,2057&Prime; _builder_version=\u00a0\u00bb4.9.2&Prime; _module_preset=\u00a0\u00bbdefault\u00a0\u00bb background_color=\u00a0\u00bb#FFFFFF\u00a0\u00bb custom_margin=\u00a0\u00bb-36px|||||\u00a0\u00bb][\/et_pb_gallery][et_pb_text _builder_version=\u00a0\u00bb4.9.2&Prime; _module_preset=\u00a0\u00bbdefault\u00a0\u00bb background_color=\u00a0\u00bb#FFFFFF\u00a0\u00bb custom_margin=\u00a0\u00bb-37px|||||\u00a0\u00bb]<\/p>\n<p>Samedi 5 juin 2021<\/p>\n<p>[\/et_pb_text][et_pb_gallery gallery_ids=\u00a0\u00bb2045,2041,2042,2046,2047,2044,2043,2040&Prime; posts_number=\u00a0\u00bb8&Prime; _builder_version=\u00a0\u00bb4.9.2&Prime; _module_preset=\u00a0\u00bbdefault\u00a0\u00bb background_color=\u00a0\u00bb#FFFFFF\u00a0\u00bb custom_margin=\u00a0\u00bb-37px|||||\u00a0\u00bb][\/et_pb_gallery][et_pb_text _builder_version=\u00a0\u00bb4.9.2&Prime; _module_preset=\u00a0\u00bbdefault\u00a0\u00bb background_color=\u00a0\u00bb#FFFFFF\u00a0\u00bb custom_margin=\u00a0\u00bb-40px|||||\u00a0\u00bb]<\/p>\n<p>Pentec\u00f4te<\/p>\n<p>[\/et_pb_text][et_pb_gallery gallery_ids=\u00a0\u00bb2013,2006,2011,2009,2010,2005,2012,2007&Prime; _builder_version=\u00a0\u00bb4.9.2&Prime; _module_preset=\u00a0\u00bbdefault\u00a0\u00bb background_color=\u00a0\u00bb#FFFFFF\u00a0\u00bb custom_margin=\u00a0\u00bb-33px|||||\u00a0\u00bb][\/et_pb_gallery][et_pb_text _builder_version=\u00a0\u00bb4.9.2&Prime; _module_preset=\u00a0\u00bbdefault\u00a0\u00bb background_color=\u00a0\u00bb#FFFFFF\u00a0\u00bb min_height=\u00a0\u00bb31px\u00a0\u00bb custom_margin=\u00a0\u00bb-39px|||||\u00a0\u00bb]<\/p>\n<p>Samedi 15 mai<\/p>\n<p>[\/et_pb_text][et_pb_gallery gallery_ids=\u00a0\u00bb1989,1987,1988,1990&Prime; admin_label=\u00a0\u00bbSamedi 15 mai 2021&Prime; _builder_version=\u00a0\u00bb4.9.2&Prime; _module_preset=\u00a0\u00bbdefault\u00a0\u00bb background_color=\u00a0\u00bb#FFFFFF\u00a0\u00bb custom_margin=\u00a0\u00bb-38px|||||\u00a0\u00bb custom_padding=\u00a0\u00bb19px|||||\u00a0\u00bb][\/et_pb_gallery][et_pb_text _builder_version=\u00a0\u00bb4.9.2&Prime; _module_preset=\u00a0\u00bbdefault\u00a0\u00bb background_color=\u00a0\u00bb#FFFFFF\u00a0\u00bb custom_margin=\u00a0\u00bb-59px||60px|||\u00a0\u00bb]<\/p>\n<p>Jeudi 13 mai<\/p>\n<p>[\/et_pb_text][et_pb_gallery gallery_ids=\u00a0\u00bb1973,1975,1972,1978,1980,1974,1976,1977,1982,1981,1979,1983&Prime; posts_number=\u00a0\u00bb2&Prime; _builder_version=\u00a0\u00bb4.9.2&Prime; _module_preset=\u00a0\u00bbdefault\u00a0\u00bb background_color=\u00a0\u00bb#FFFFFF\u00a0\u00bb custom_margin=\u00a0\u00bb-61px|||||\u00a0\u00bb custom_padding=\u00a0\u00bb0px|||||\u00a0\u00bb][\/et_pb_gallery][et_pb_text _builder_version=\u00a0\u00bb4.9.2&Prime; _module_preset=\u00a0\u00bbdefault\u00a0\u00bb background_color=\u00a0\u00bb#FFFFFF\u00a0\u00bb min_height=\u00a0\u00bb39px\u00a0\u00bb custom_margin=\u00a0\u00bb-39px|||||\u00a0\u00bb custom_padding=\u00a0\u00bb0px|||||\u00a0\u00bb]<\/p>\n<p>Samedi 8 mai 2021<\/p>\n<p>[\/et_pb_text][et_pb_gallery gallery_ids=\u00a0\u00bb1932,1933,1934,1935,1936,1937,1938&Prime; posts_number=\u00a0\u00bb2&Prime; _builder_version=\u00a0\u00bb4.9.2&Prime; _module_preset=\u00a0\u00bbdefault\u00a0\u00bb background_color=\u00a0\u00bb#FFFFFF\u00a0\u00bb custom_margin=\u00a0\u00bb-38px|||||\u00a0\u00bb custom_padding=\u00a0\u00bb||3px|||\u00a0\u00bb][\/et_pb_gallery][et_pb_text _builder_version=\u00a0\u00bb4.9.2&Prime; _module_preset=\u00a0\u00bbdefault\u00a0\u00bb background_color=\u00a0\u00bb#FFFFFF\u00a0\u00bb min_height=\u00a0\u00bb39px\u00a0\u00bb custom_margin=\u00a0\u00bb-39px|||||\u00a0\u00bb custom_padding=\u00a0\u00bb0px|||||\u00a0\u00bb]<\/p>\n<p>Samedi 1er mai 2021<\/p>\n<p>[\/et_pb_text][et_pb_gallery gallery_ids=\u00a0\u00bb1885,1886,1887,1888,1889,1890,1891,1892,1893,1909,1910,1911,1912,1913&Prime; posts_number=\u00a0\u00bb2&Prime; _builder_version=\u00a0\u00bb4.9.2&Prime; _module_preset=\u00a0\u00bbdefault\u00a0\u00bb background_color=\u00a0\u00bb#FFFFFF\u00a0\u00bb min_height=\u00a0\u00bb488.2px\u00a0\u00bb custom_margin=\u00a0\u00bb-38px|||||\u00a0\u00bb custom_padding=\u00a0\u00bb0px|||||\u00a0\u00bb][\/et_pb_gallery][\/et_pb_column][\/et_pb_row][et_pb_row column_structure=\u00a0\u00bb2_5,3_5&Prime; _builder_version=\u00a0\u00bb4.9.2&Prime; _module_preset=\u00a0\u00bbdefault\u00a0\u00bb][et_pb_column type=\u00a0\u00bb2_5&Prime; _builder_version=\u00a0\u00bb4.9.2&Prime; _module_preset=\u00a0\u00bbdefault\u00a0\u00bb][et_pb_blog include_categories=\u00a0\u00bb8&Prime; _builder_version=\u00a0\u00bb4.9.2&Prime; _module_preset=\u00a0\u00bbdefault\u00a0\u00bb background_color=\u00a0\u00bb#FFFFFF\u00a0\u00bb][\/et_pb_blog][\/et_pb_column][et_pb_column type=\u00a0\u00bb3_5&Prime; _builder_version=\u00a0\u00bb4.9.2&Prime; _module_preset=\u00a0\u00bbdefault\u00a0\u00bb][et_pb_gallery gallery_ids=\u00a0\u00bb1018,1749,1742,1743,1745,1744,1747,1750,1748,1746,1752,1751,1514&Prime; posts_number=\u00a0\u00bb2&Prime; _builder_version=\u00a0\u00bb4.9.2&Prime; _module_preset=\u00a0\u00bbdefault\u00a0\u00bb background_color=\u00a0\u00bb#FFFFFF\u00a0\u00bb][\/et_pb_gallery][\/et_pb_column][\/et_pb_row][\/et_pb_section]<\/p>\n","protected":false},"excerpt":{"rendered":"<p>Toutes les bonnes choses ont une fin. L&rsquo;\u00e9cole de p\u00eache 2021 s&rsquo;arr\u00eate ce samedi 26 juin 2022. Patrice avait tout organis\u00e9 pour r\u00e9compenser les enfants qui ont \u00e9t\u00e9 patients et tr\u00e8s motiv\u00e9s pour cette p\u00e9riode d&rsquo;initiation \u00e0 la p\u00eache fortement pertub\u00e9e par la crise sanitaire. Un grand merci \u00e0 Patrice, \u00e0 Thomas, \u00e0 Daniel, \u00e0 [&hellip;]<\/p>\n","protected":false},"author":1,"featured_media":0,"parent":0,"menu_order":0,"comment_status":"closed","ping_status":"closed","template":"","meta":{"_et_pb_use_builder":"on","_et_pb_old_content":"","_et_gb_content_width":"","footnotes":""},"class_list":["post-1491","page","type-page","status-publish","hentry"],"yoast_head":"<!-- This site is optimized with the Yoast SEO plugin v27.4 - https:\/\/yoast.com\/product\/yoast-seo-wordpress\/ -->\n<title>L&#039;\u00e9cole de p\u00eache 2021 - APEPP<\/title>\n<meta name=\"robots\" content=\"index, follow, max-snippet:-1, max-image-preview:large, max-video-preview:-1\" \/>\n<link rel=\"canonical\" href=\"https:\/\/etang-apepp-isle-adam.fr\/?page_id=1491\" \/>\n<meta property=\"og:locale\" content=\"fr_FR\" \/>\n<meta property=\"og:type\" content=\"article\" \/>\n<meta property=\"og:title\" content=\"L&#039;\u00e9cole de p\u00eache 2021 - APEPP\" \/>\n<meta property=\"og:description\" content=\"Toutes les bonnes choses ont une fin. L&#039;\u00e9cole de p\u00eache 2021 s&#039;arr\u00eate ce samedi 26 juin 2022. Patrice avait tout organis\u00e9 pour r\u00e9compenser les enfants qui ont \u00e9t\u00e9 patients et tr\u00e8s motiv\u00e9s pour cette p\u00e9riode d&#039;initiation \u00e0 la p\u00eache fortement pertub\u00e9e par la crise sanitaire. Un grand merci \u00e0 Patrice, \u00e0 Thomas, \u00e0 Daniel, \u00e0 [&hellip;]\" \/>\n<meta property=\"og:url\" content=\"https:\/\/etang-apepp-isle-adam.fr\/?page_id=1491\" \/>\n<meta property=\"og:site_name\" content=\"APEPP\" \/>\n<meta property=\"article:modified_time\" content=\"2021-09-05T05:46:36+00:00\" \/>\n<meta name=\"twitter:card\" content=\"summary_large_image\" \/>\n<meta name=\"twitter:label1\" content=\"Dur\u00e9e de lecture estim\u00e9e\" \/>\n\t<meta name=\"twitter:data1\" content=\"9 minutes\" \/>\n<script type=\"application\/ld+json\" class=\"yoast-schema-graph\">{\"@context\":\"https:\\\/\\\/schema.org\",\"@graph\":[{\"@type\":\"WebPage\",\"@id\":\"https:\\\/\\\/etang-apepp-isle-adam.fr\\\/?page_id=1491\",\"url\":\"https:\\\/\\\/etang-apepp-isle-adam.fr\\\/?page_id=1491\",\"name\":\"L'\u00e9cole de p\u00eache 2021 - APEPP\",\"isPartOf\":{\"@id\":\"https:\\\/\\\/etang-apepp-isle-adam.fr\\\/#website\"},\"datePublished\":\"2021-03-30T05:25:34+00:00\",\"dateModified\":\"2021-09-05T05:46:36+00:00\",\"breadcrumb\":{\"@id\":\"https:\\\/\\\/etang-apepp-isle-adam.fr\\\/?page_id=1491#breadcrumb\"},\"inLanguage\":\"fr-FR\",\"potentialAction\":[{\"@type\":\"ReadAction\",\"target\":[\"https:\\\/\\\/etang-apepp-isle-adam.fr\\\/?page_id=1491\"]}]},{\"@type\":\"BreadcrumbList\",\"@id\":\"https:\\\/\\\/etang-apepp-isle-adam.fr\\\/?page_id=1491#breadcrumb\",\"itemListElement\":[{\"@type\":\"ListItem\",\"position\":1,\"name\":\"Accueil\",\"item\":\"https:\\\/\\\/etang-apepp-isle-adam.fr\\\/\"},{\"@type\":\"ListItem\",\"position\":2,\"name\":\"L&rsquo;\u00e9cole de p\u00eache 2021\"}]},{\"@type\":\"WebSite\",\"@id\":\"https:\\\/\\\/etang-apepp-isle-adam.fr\\\/#website\",\"url\":\"https:\\\/\\\/etang-apepp-isle-adam.fr\\\/\",\"name\":\"APEPP\",\"description\":\"Tranquillit\u00e9 et convivialit\u00e9\",\"potentialAction\":[{\"@type\":\"SearchAction\",\"target\":{\"@type\":\"EntryPoint\",\"urlTemplate\":\"https:\\\/\\\/etang-apepp-isle-adam.fr\\\/?s={search_term_string}\"},\"query-input\":{\"@type\":\"PropertyValueSpecification\",\"valueRequired\":true,\"valueName\":\"search_term_string\"}}],\"inLanguage\":\"fr-FR\"}]}<\/script>\n<!-- \/ Yoast SEO plugin. -->","yoast_head_json":{"title":"L'\u00e9cole de p\u00eache 2021 - APEPP","robots":{"index":"index","follow":"follow","max-snippet":"max-snippet:-1","max-image-preview":"max-image-preview:large","max-video-preview":"max-video-preview:-1"},"canonical":"https:\/\/etang-apepp-isle-adam.fr\/?page_id=1491","og_locale":"fr_FR","og_type":"article","og_title":"L'\u00e9cole de p\u00eache 2021 - APEPP","og_description":"Toutes les bonnes choses ont une fin. L'\u00e9cole de p\u00eache 2021 s'arr\u00eate ce samedi 26 juin 2022. Patrice avait tout organis\u00e9 pour r\u00e9compenser les enfants qui ont \u00e9t\u00e9 patients et tr\u00e8s motiv\u00e9s pour cette p\u00e9riode d'initiation \u00e0 la p\u00eache fortement pertub\u00e9e par la crise sanitaire. Un grand merci \u00e0 Patrice, \u00e0 Thomas, \u00e0 Daniel, \u00e0 [&hellip;]","og_url":"https:\/\/etang-apepp-isle-adam.fr\/?page_id=1491","og_site_name":"APEPP","article_modified_time":"2021-09-05T05:46:36+00:00","twitter_card":"summary_large_image","twitter_misc":{"Dur\u00e9e de lecture estim\u00e9e":"9 minutes"},"schema":{"@context":"https:\/\/schema.org","@graph":[{"@type":"WebPage","@id":"https:\/\/etang-apepp-isle-adam.fr\/?page_id=1491","url":"https:\/\/etang-apepp-isle-adam.fr\/?page_id=1491","name":"L'\u00e9cole de p\u00eache 2021 - APEPP","isPartOf":{"@id":"https:\/\/etang-apepp-isle-adam.fr\/#website"},"datePublished":"2021-03-30T05:25:34+00:00","dateModified":"2021-09-05T05:46:36+00:00","breadcrumb":{"@id":"https:\/\/etang-apepp-isle-adam.fr\/?page_id=1491#breadcrumb"},"inLanguage":"fr-FR","potentialAction":[{"@type":"ReadAction","target":["https:\/\/etang-apepp-isle-adam.fr\/?page_id=1491"]}]},{"@type":"BreadcrumbList","@id":"https:\/\/etang-apepp-isle-adam.fr\/?page_id=1491#breadcrumb","itemListElement":[{"@type":"ListItem","position":1,"name":"Accueil","item":"https:\/\/etang-apepp-isle-adam.fr\/"},{"@type":"ListItem","position":2,"name":"L&rsquo;\u00e9cole de p\u00eache 2021"}]},{"@type":"WebSite","@id":"https:\/\/etang-apepp-isle-adam.fr\/#website","url":"https:\/\/etang-apepp-isle-adam.fr\/","name":"APEPP","description":"Tranquillit\u00e9 et convivialit\u00e9","potentialAction":[{"@type":"SearchAction","target":{"@type":"EntryPoint","urlTemplate":"https:\/\/etang-apepp-isle-adam.fr\/?s={search_term_string}"},"query-input":{"@type":"PropertyValueSpecification","valueRequired":true,"valueName":"search_term_string"}}],"inLanguage":"fr-FR"}]}},"_links":{"self":[{"href":"https:\/\/etang-apepp-isle-adam.fr\/index.php?rest_route=\/wp\/v2\/pages\/1491","targetHints":{"allow":["GET"]}}],"collection":[{"href":"https:\/\/etang-apepp-isle-adam.fr\/index.php?rest_route=\/wp\/v2\/pages"}],"about":[{"href":"https:\/\/etang-apepp-isle-adam.fr\/index.php?rest_route=\/wp\/v2\/types\/page"}],"author":[{"embeddable":true,"href":"https:\/\/etang-apepp-isle-adam.fr\/index.php?rest_route=\/wp\/v2\/users\/1"}],"replies":[{"embeddable":true,"href":"https:\/\/etang-apepp-isle-adam.fr\/index.php?rest_route=%2Fwp%2Fv2%2Fcomments&post=1491"}],"version-history":[{"count":24,"href":"https:\/\/etang-apepp-isle-adam.fr\/index.php?rest_route=\/wp\/v2\/pages\/1491\/revisions"}],"predecessor-version":[{"id":2207,"href":"https:\/\/etang-apepp-isle-adam.fr\/index.php?rest_route=\/wp\/v2\/pages\/1491\/revisions\/2207"}],"wp:attachment":[{"href":"https:\/\/etang-apepp-isle-adam.fr\/index.php?rest_route=%2Fwp%2Fv2%2Fmedia&parent=1491"}],"curies":[{"name":"wp","href":"https:\/\/api.w.org\/{rel}","templated":true}]}}