{"id":1241,"date":"2021-03-27T06:19:54","date_gmt":"2021-03-27T06:19:54","guid":{"rendered":"http:\/\/etang-apepp-isle-adam.fr\/?page_id=1241"},"modified":"2023-12-07T08:55:44","modified_gmt":"2023-12-07T08:55:44","slug":"1241-2","status":"publish","type":"page","link":"https:\/\/etang-apepp-isle-adam.fr\/?page_id=1241","title":{"rendered":"Acc\u00e8s au site"},"content":{"rendered":"<p>[et_pb_section fb_built=\u00a0\u00bb1&Prime; _builder_version=\u00a0\u00bb4.15&Prime; _module_preset=\u00a0\u00bbdefault\u00a0\u00bb background_color=\u00a0\u00bb#DFB758&Prime; global_colors_info=\u00a0\u00bb{}\u00a0\u00bb][et_pb_row column_structure=\u00a0\u00bb2_5,3_5&Prime; _builder_version=\u00a0\u00bb4.15&Prime; _module_preset=\u00a0\u00bbdefault\u00a0\u00bb background_color=\u00a0\u00bb#dfb758&Prime; global_colors_info=\u00a0\u00bb{}\u00a0\u00bb][et_pb_column type=\u00a0\u00bb2_5&Prime; _builder_version=\u00a0\u00bb4.15&Prime; _module_preset=\u00a0\u00bbdefault\u00a0\u00bb global_colors_info=\u00a0\u00bb{}\u00a0\u00bb][et_pb_image src=\u00a0\u00bbhttps:\/\/etang-apepp-isle-adam.fr\/wp-content\/uploads\/2021\/03\/201-7-plan_acces_ia-300&#215;261-1.jpg\u00a0\u00bb alt=\u00a0\u00bbAPEPP &#8211; PECHE &#8211; PLAN\u00a0\u00bb title_text=\u00a0\u00bb201-7-plan_acces_ia-300&#215;261&Prime; _builder_version=\u00a0\u00bb4.15&Prime; _module_preset=\u00a0\u00bbdefault\u00a0\u00bb background_color=\u00a0\u00bb#dfb758&Prime; custom_margin=\u00a0\u00bb|0px||||\u00a0\u00bb global_colors_info=\u00a0\u00bb{}\u00a0\u00bb][\/et_pb_image][\/et_pb_column][et_pb_column type=\u00a0\u00bb3_5&Prime; _builder_version=\u00a0\u00bb4.15&Prime; _module_preset=\u00a0\u00bbdefault\u00a0\u00bb global_colors_info=\u00a0\u00bb{}\u00a0\u00bb][et_pb_text _builder_version=\u00a0\u00bb4.15&Prime; _module_preset=\u00a0\u00bbdefault\u00a0\u00bb background_color=\u00a0\u00bb#dfb758&Prime; global_colors_info=\u00a0\u00bb{}\u00a0\u00bb]<\/p>\n<p><strong>Se rendre aux \u00e9tangs de la petite plaine<\/strong><\/p>\n<p>Pour venir voir nos \u00e9tangs rien de plus facile.<\/p>\n<p><strong>Pour aller \u00e0 l&rsquo;Isle-Adam par la route<\/strong><\/p>\n<ul>\n<li>en venant du Nord par l\u2019A16 et la\u00a0N1<\/li>\n<li>depuis Roissy par la\u00a0N104 puis la\u00a0N1<\/li>\n<li>de la capitale par l\u2019A1 puis la\u00a0N1 direction Beauvais, ou par l\u2019A15, l\u2019A115, puis la\u00a0N184, ou par l\u2019A1 et l\u2019A3 via Roissy.<\/li>\n<li>depuis Cergy-Pontoise par la\u00a0N184<\/li>\n<\/ul>\n<p>[\/et_pb_text][\/et_pb_column][\/et_pb_row][et_pb_row column_structure=\u00a0\u00bb2_5,3_5&Prime; _builder_version=\u00a0\u00bb4.15&Prime; _module_preset=\u00a0\u00bbdefault\u00a0\u00bb custom_margin=\u00a0\u00bb-1px|auto||auto||\u00a0\u00bb global_colors_info=\u00a0\u00bb{}\u00a0\u00bb][et_pb_column type=\u00a0\u00bb2_5&Prime; _builder_version=\u00a0\u00bb4.15&Prime; _module_preset=\u00a0\u00bbdefault\u00a0\u00bb global_colors_info=\u00a0\u00bb{}\u00a0\u00bb][et_pb_image src=\u00a0\u00bbhttps:\/\/etang-apepp-isle-adam.fr\/wp-content\/uploads\/2021\/03\/Plan-APEPP-Isle-Adam.png\u00a0\u00bb alt=\u00a0\u00bbAPEPP PLAN\u00a0\u00bb title_text=\u00a0\u00bbPlan APEPP Isle-Adam\u00a0\u00bb url=\u00a0\u00bbhttps:\/\/etang-apepp-isle-adam.fr\/wp-content\/uploads\/2021\/03\/Plan-APEPP-Isle-Adam.png\u00a0\u00bb align=\u00a0\u00bbcenter\u00a0\u00bb _builder_version=\u00a0\u00bb4.15&Prime; _module_preset=\u00a0\u00bbdefault\u00a0\u00bb background_color=\u00a0\u00bb#AADB24&Prime; global_colors_info=\u00a0\u00bb{}\u00a0\u00bb][\/et_pb_image][\/et_pb_column][et_pb_column type=\u00a0\u00bb3_5&Prime; _builder_version=\u00a0\u00bb4.15&Prime; _module_preset=\u00a0\u00bbdefault\u00a0\u00bb global_colors_info=\u00a0\u00bb{}\u00a0\u00bb][et_pb_text _builder_version=\u00a0\u00bb4.15.1&Prime; _module_preset=\u00a0\u00bbdefault\u00a0\u00bb text_font_size=\u00a0\u00bb21px\u00a0\u00bb background_color=\u00a0\u00bb#DFB758&Prime; global_colors_info=\u00a0\u00bb{}\u00a0\u00bb]<\/p>\n<p><strong>Acc\u00e8s aux \u00e9tangs<\/strong><\/p>\n<p>L&rsquo;acc\u00e8s principal aux \u00e9tangs se fait par l&rsquo;Avenue Paul Thoureau en sens unique.<\/p>\n<p>Il faut donc arriver par l&rsquo;Avenue des Carri\u00e8res de Cassan.<\/p>\n<p>Mais il est aussi possible d&rsquo;y acc\u00e9der par l&rsquo;Avenue du Chemin Vert.<\/p>\n<p>Pour arriver \u00e0 la cabane des p\u00eacheurs et au parking: vous pouvez noter l&rsquo;adresse suivante sur votre GPS:<\/p>\n<p><strong>Les berges Michel Myszor 95290 L&rsquo;ISLE-ADAM<\/strong><\/p>\n<p>[\/et_pb_text][\/et_pb_column][\/et_pb_row][et_pb_row column_structure=\u00a0\u00bb2_5,3_5&Prime; _builder_version=\u00a0\u00bb4.15&Prime; _module_preset=\u00a0\u00bbdefault\u00a0\u00bb background_color=\u00a0\u00bb#dfb758&Prime; global_colors_info=\u00a0\u00bb{}\u00a0\u00bb][et_pb_column type=\u00a0\u00bb2_5&Prime; _builder_version=\u00a0\u00bb4.15&Prime; _module_preset=\u00a0\u00bbdefault\u00a0\u00bb global_colors_info=\u00a0\u00bb{}\u00a0\u00bb][et_pb_image src=\u00a0\u00bbhttps:\/\/etang-apepp-isle-adam.fr\/wp-content\/uploads\/2021\/08\/Plan-etang.png\u00a0\u00bb alt=\u00a0\u00bbEtang petite plaine\u00a0\u00bb title_text=\u00a0\u00bbPlan \u00e9tang Isle-Adam\u00a0\u00bb _builder_version=\u00a0\u00bb4.15&Prime; _module_preset=\u00a0\u00bbdefault\u00a0\u00bb background_color=\u00a0\u00bb#dfb758&Prime; global_colors_info=\u00a0\u00bb{}\u00a0\u00bb][\/et_pb_image][\/et_pb_column][et_pb_column type=\u00a0\u00bb3_5&Prime; _builder_version=\u00a0\u00bb4.15&Prime; _module_preset=\u00a0\u00bbdefault\u00a0\u00bb global_colors_info=\u00a0\u00bb{}\u00a0\u00bb][et_pb_text _builder_version=\u00a0\u00bb4.15.1&Prime; _module_preset=\u00a0\u00bbdefault\u00a0\u00bb text_font_size=\u00a0\u00bb21px\u00a0\u00bb background_color=\u00a0\u00bb#dfb758&Prime; global_colors_info=\u00a0\u00bb{}\u00a0\u00bb]<\/p>\n<p><strong>La cabane des p\u00eacheurs<\/strong><\/p>\n<p>Le rep\u00e8re <span style=\"color: #008000;\">APEPP<\/span> en vert sur cette carte positionne \u00ab\u00a0la cabane des p\u00eacheurs\u00a0\u00bb.<\/p>\n<p>Vous pouvez y acc\u00e9der :<\/p>\n<p>&#8211; par l&rsquo;Avenue des Carri\u00e8res de Cassan puis par l&rsquo;Avenue Paul Thoureau en voiture, attention cette entr\u00e9e de l&rsquo;avenue Paul Thoureau est ferm\u00e9e du samedi 12h00 au lundi 8h00.<\/p>\n<p>&#8211; par l&rsquo;Avenue du Chemin Vert puis garer le v\u00e9hicule sur un parking du port pour remonter \u00e0 pied l&rsquo;Avenue Paul Thoureau vers la zone de biodiversit\u00e9.<\/p>\n<p>Il n&rsquo;y a pas de permanence bureau \u00e0 la cabane des p\u00eacheurs mais vous pouvez prendre rendez-vous.<\/p>\n<p><strong>Vous pouvez contacter le pr\u00e9sident de l&rsquo;association:<\/strong><\/p>\n<p><strong> M G\u00e9rard Brunel au 06 74 30 18 51.<\/strong><\/p>\n<p>[\/et_pb_text][\/et_pb_column][\/et_pb_row][\/et_pb_section]<\/p>\n","protected":false},"excerpt":{"rendered":"<p>Se rendre aux \u00e9tangs de la petite plaine Pour venir voir nos \u00e9tangs rien de plus facile. Pour aller \u00e0 l&rsquo;Isle-Adam par la route en venant du Nord par l\u2019A16 et la\u00a0N1 depuis Roissy par la\u00a0N104 puis la\u00a0N1 de la capitale par l\u2019A1 puis la\u00a0N1 direction Beauvais, ou par l\u2019A15, l\u2019A115, puis la\u00a0N184, ou par [&hellip;]<\/p>\n","protected":false},"author":1,"featured_media":0,"parent":0,"menu_order":0,"comment_status":"closed","ping_status":"closed","template":"","meta":{"_et_pb_use_builder":"on","_et_pb_old_content":"","_et_gb_content_width":"","footnotes":""},"class_list":["post-1241","page","type-page","status-publish","hentry"],"yoast_head":"<!-- This site is optimized with the Yoast SEO plugin v27.4 - https:\/\/yoast.com\/product\/yoast-seo-wordpress\/ -->\n<title>Acc\u00e8s au site - APEPP<\/title>\n<meta name=\"robots\" content=\"index, follow, max-snippet:-1, max-image-preview:large, max-video-preview:-1\" \/>\n<link rel=\"canonical\" href=\"https:\/\/etang-apepp-isle-adam.fr\/?page_id=1241\" \/>\n<meta property=\"og:locale\" content=\"fr_FR\" \/>\n<meta property=\"og:type\" content=\"article\" \/>\n<meta property=\"og:title\" content=\"Acc\u00e8s au site - APEPP\" \/>\n<meta property=\"og:description\" content=\"Se rendre aux \u00e9tangs de la petite plaine Pour venir voir nos \u00e9tangs rien de plus facile. Pour aller \u00e0 l&#039;Isle-Adam par la route en venant du Nord par l\u2019A16 et la\u00a0N1 depuis Roissy par la\u00a0N104 puis la\u00a0N1 de la capitale par l\u2019A1 puis la\u00a0N1 direction Beauvais, ou par l\u2019A15, l\u2019A115, puis la\u00a0N184, ou par [&hellip;]\" \/>\n<meta property=\"og:url\" content=\"https:\/\/etang-apepp-isle-adam.fr\/?page_id=1241\" \/>\n<meta property=\"og:site_name\" content=\"APEPP\" \/>\n<meta property=\"article:modified_time\" content=\"2023-12-07T08:55:44+00:00\" \/>\n<meta name=\"twitter:card\" content=\"summary_large_image\" \/>\n<meta name=\"twitter:label1\" content=\"Dur\u00e9e de lecture estim\u00e9e\" \/>\n\t<meta name=\"twitter:data1\" content=\"3 minutes\" \/>\n<script type=\"application\/ld+json\" class=\"yoast-schema-graph\">{\"@context\":\"https:\\\/\\\/schema.org\",\"@graph\":[{\"@type\":\"WebPage\",\"@id\":\"https:\\\/\\\/etang-apepp-isle-adam.fr\\\/?page_id=1241\",\"url\":\"https:\\\/\\\/etang-apepp-isle-adam.fr\\\/?page_id=1241\",\"name\":\"Acc\u00e8s au site - APEPP\",\"isPartOf\":{\"@id\":\"https:\\\/\\\/etang-apepp-isle-adam.fr\\\/#website\"},\"datePublished\":\"2021-03-27T06:19:54+00:00\",\"dateModified\":\"2023-12-07T08:55:44+00:00\",\"breadcrumb\":{\"@id\":\"https:\\\/\\\/etang-apepp-isle-adam.fr\\\/?page_id=1241#breadcrumb\"},\"inLanguage\":\"fr-FR\",\"potentialAction\":[{\"@type\":\"ReadAction\",\"target\":[\"https:\\\/\\\/etang-apepp-isle-adam.fr\\\/?page_id=1241\"]}]},{\"@type\":\"BreadcrumbList\",\"@id\":\"https:\\\/\\\/etang-apepp-isle-adam.fr\\\/?page_id=1241#breadcrumb\",\"itemListElement\":[{\"@type\":\"ListItem\",\"position\":1,\"name\":\"Accueil\",\"item\":\"https:\\\/\\\/etang-apepp-isle-adam.fr\\\/\"},{\"@type\":\"ListItem\",\"position\":2,\"name\":\"Acc\u00e8s au site\"}]},{\"@type\":\"WebSite\",\"@id\":\"https:\\\/\\\/etang-apepp-isle-adam.fr\\\/#website\",\"url\":\"https:\\\/\\\/etang-apepp-isle-adam.fr\\\/\",\"name\":\"APEPP\",\"description\":\"Tranquillit\u00e9 et convivialit\u00e9\",\"potentialAction\":[{\"@type\":\"SearchAction\",\"target\":{\"@type\":\"EntryPoint\",\"urlTemplate\":\"https:\\\/\\\/etang-apepp-isle-adam.fr\\\/?s={search_term_string}\"},\"query-input\":{\"@type\":\"PropertyValueSpecification\",\"valueRequired\":true,\"valueName\":\"search_term_string\"}}],\"inLanguage\":\"fr-FR\"}]}<\/script>\n<!-- \/ Yoast SEO plugin. -->","yoast_head_json":{"title":"Acc\u00e8s au site - APEPP","robots":{"index":"index","follow":"follow","max-snippet":"max-snippet:-1","max-image-preview":"max-image-preview:large","max-video-preview":"max-video-preview:-1"},"canonical":"https:\/\/etang-apepp-isle-adam.fr\/?page_id=1241","og_locale":"fr_FR","og_type":"article","og_title":"Acc\u00e8s au site - APEPP","og_description":"Se rendre aux \u00e9tangs de la petite plaine Pour venir voir nos \u00e9tangs rien de plus facile. Pour aller \u00e0 l'Isle-Adam par la route en venant du Nord par l\u2019A16 et la\u00a0N1 depuis Roissy par la\u00a0N104 puis la\u00a0N1 de la capitale par l\u2019A1 puis la\u00a0N1 direction Beauvais, ou par l\u2019A15, l\u2019A115, puis la\u00a0N184, ou par [&hellip;]","og_url":"https:\/\/etang-apepp-isle-adam.fr\/?page_id=1241","og_site_name":"APEPP","article_modified_time":"2023-12-07T08:55:44+00:00","twitter_card":"summary_large_image","twitter_misc":{"Dur\u00e9e de lecture estim\u00e9e":"3 minutes"},"schema":{"@context":"https:\/\/schema.org","@graph":[{"@type":"WebPage","@id":"https:\/\/etang-apepp-isle-adam.fr\/?page_id=1241","url":"https:\/\/etang-apepp-isle-adam.fr\/?page_id=1241","name":"Acc\u00e8s au site - APEPP","isPartOf":{"@id":"https:\/\/etang-apepp-isle-adam.fr\/#website"},"datePublished":"2021-03-27T06:19:54+00:00","dateModified":"2023-12-07T08:55:44+00:00","breadcrumb":{"@id":"https:\/\/etang-apepp-isle-adam.fr\/?page_id=1241#breadcrumb"},"inLanguage":"fr-FR","potentialAction":[{"@type":"ReadAction","target":["https:\/\/etang-apepp-isle-adam.fr\/?page_id=1241"]}]},{"@type":"BreadcrumbList","@id":"https:\/\/etang-apepp-isle-adam.fr\/?page_id=1241#breadcrumb","itemListElement":[{"@type":"ListItem","position":1,"name":"Accueil","item":"https:\/\/etang-apepp-isle-adam.fr\/"},{"@type":"ListItem","position":2,"name":"Acc\u00e8s au site"}]},{"@type":"WebSite","@id":"https:\/\/etang-apepp-isle-adam.fr\/#website","url":"https:\/\/etang-apepp-isle-adam.fr\/","name":"APEPP","description":"Tranquillit\u00e9 et convivialit\u00e9","potentialAction":[{"@type":"SearchAction","target":{"@type":"EntryPoint","urlTemplate":"https:\/\/etang-apepp-isle-adam.fr\/?s={search_term_string}"},"query-input":{"@type":"PropertyValueSpecification","valueRequired":true,"valueName":"search_term_string"}}],"inLanguage":"fr-FR"}]}},"_links":{"self":[{"href":"https:\/\/etang-apepp-isle-adam.fr\/index.php?rest_route=\/wp\/v2\/pages\/1241","targetHints":{"allow":["GET"]}}],"collection":[{"href":"https:\/\/etang-apepp-isle-adam.fr\/index.php?rest_route=\/wp\/v2\/pages"}],"about":[{"href":"https:\/\/etang-apepp-isle-adam.fr\/index.php?rest_route=\/wp\/v2\/types\/page"}],"author":[{"embeddable":true,"href":"https:\/\/etang-apepp-isle-adam.fr\/index.php?rest_route=\/wp\/v2\/users\/1"}],"replies":[{"embeddable":true,"href":"https:\/\/etang-apepp-isle-adam.fr\/index.php?rest_route=%2Fwp%2Fv2%2Fcomments&post=1241"}],"version-history":[{"count":9,"href":"https:\/\/etang-apepp-isle-adam.fr\/index.php?rest_route=\/wp\/v2\/pages\/1241\/revisions"}],"predecessor-version":[{"id":3405,"href":"https:\/\/etang-apepp-isle-adam.fr\/index.php?rest_route=\/wp\/v2\/pages\/1241\/revisions\/3405"}],"wp:attachment":[{"href":"https:\/\/etang-apepp-isle-adam.fr\/index.php?rest_route=%2Fwp%2Fv2%2Fmedia&parent=1241"}],"curies":[{"name":"wp","href":"https:\/\/api.w.org\/{rel}","templated":true}]}}